{"id":1175,"date":"2018-01-18T23:32:59","date_gmt":"2018-01-18T22:32:59","guid":{"rendered":"http:\/\/chorzow.zhp.pl\/?page_id=1175"},"modified":"2025-11-24T00:18:11","modified_gmt":"2025-11-23T23:18:11","slug":"rezerwacje","status":"publish","type":"page","link":"https:\/\/chorzow.zhp.pl\/?page_id=1175","title":{"rendered":"Grafiki Rezerwacji"},"content":{"rendered":"<h5><strong>Rezerwacje Hufca<\/strong><\/h5>\n<p><strong>Planujesz spotkanie, zbi\u00f3rk\u0119 w hufcu?<\/strong> Sprawd\u017a dost\u0119pno\u015b\u0107 sal w <a href=\"https:\/\/gkzhp.sharepoint.com\/sites\/HufiecZHPChorzw\/Lists\/Kalendarz%20Hufca\/calendar.aspx\">kalendarzu<\/a>, a je\u015bli jest wolny termin dokonaj rezerwacji <a href=\"https:\/\/forms.office.com\/Pages\/ResponsePage.aspx?id=Ho024XU55kyJPfw1H9RNzcLmplTUWAJDp_M5HYKcp1FURVVKT1RUMFdWOFdQUDU3NUg0UlVIOE1NSy4u\" target=\"_blank\" rel=\"noopener noreferrer\">tutaj.<\/a><\/p>\n<p><center><\/center>Rezerwacji mog\u0105 dokona\u0107 tylko osoby posiadaj\u0105ce adres w domenie zhp.net.pl<\/p>\n","protected":false},"excerpt":{"rendered":"<p>Rezerwacje Hufca Planujesz spotkanie, zbi\u00f3rk\u0119 w hufcu? Sprawd\u017a dost\u0119pno\u015b\u0107 sal w kalendarzu, a je\u015bli jest wolny termin dokonaj rezerwacji tutaj.<\/p>\n","protected":false},"author":1,"featured_media":0,"parent":0,"menu_order":0,"comment_status":"closed","ping_status":"closed","template":"","meta":{"footnotes":""},"class_list":["post-1175","page","type-page","status-publish","hentry"],"_links":{"self":[{"href":"https:\/\/chorzow.zhp.pl\/index.php?rest_route=\/wp\/v2\/pages\/1175","targetHints":{"allow":["GET"]}}],"collection":[{"href":"https:\/\/chorzow.zhp.pl\/index.php?rest_route=\/wp\/v2\/pages"}],"about":[{"href":"https:\/\/chorzow.zhp.pl\/index.php?rest_route=\/wp\/v2\/types\/page"}],"author":[{"embeddable":true,"href":"https:\/\/chorzow.zhp.pl\/index.php?rest_route=\/wp\/v2\/users\/1"}],"replies":[{"embeddable":true,"href":"https:\/\/chorzow.zhp.pl\/index.php?rest_route=%2Fwp%2Fv2%2Fcomments&post=1175"}],"version-history":[{"count":33,"href":"https:\/\/chorzow.zhp.pl\/index.php?rest_route=\/wp\/v2\/pages\/1175\/revisions"}],"predecessor-version":[{"id":3321,"href":"https:\/\/chorzow.zhp.pl\/index.php?rest_route=\/wp\/v2\/pages\/1175\/revisions\/3321"}],"wp:attachment":[{"href":"https:\/\/chorzow.zhp.pl\/index.php?rest_route=%2Fwp%2Fv2%2Fmedia&parent=1175"}],"curies":[{"name":"wp","href":"https:\/\/api.w.org\/{rel}","templated":true}]}}