{"id":13,"date":"2015-09-16T12:48:48","date_gmt":"2015-09-16T10:48:48","guid":{"rendered":"http:\/\/chorzow.zhp.pl\/?page_id=13"},"modified":"2025-11-18T17:04:41","modified_gmt":"2025-11-18T16:04:41","slug":"kontakt","status":"publish","type":"page","link":"https:\/\/chorzow.zhp.pl\/?page_id=13","title":{"rendered":"Kontakt"},"content":{"rendered":"\n<div class=\"wp-block-columns is-layout-flex wp-container-core-columns-is-layout-28f84493 wp-block-columns-is-layout-flex\">\n<div class=\"wp-block-column is-layout-flow wp-block-column-is-layout-flow\">\n<h5><strong>Dane kontaktowe<\/strong><\/h5>\n<p style=\"padding-left: 40px;\"><span class=\"wp-svg-location location\"><\/span> <strong>Hufiec ZHP Chorz\u00f3w<\/strong><br \/><strong>\u00a0\u00a0\u00a0\u00a0\u00a0 im. Obro\u0144c\u00f3w Chorzowa<\/strong><br \/>\u00a0\u00a0\u00a0\u00a0\u00a0 Plac Hutnik\u00f3w<br \/>\u00a0\u00a0\u00a0\u00a0\u00a0 Chorz\u00f3w 41-500<br \/><span class=\"wp-svg-phone phone\"><\/span>\u00a0 32 2410 827 \/\/ +48 601 453 018<br \/><span class=\"wp-svg-envelop envelop\"><\/span>\u00a0 chorzow@zhp.pl<\/p>\n<p style=\"padding-left: 40px;\"><span class=\"wp-svg-clock-2 clock-2\"><\/span> <strong>Dni i godziny otwarcia:<br \/><\/strong>\u00a0\u00a0\u00a0\u00a0\u00a0 &#8211; wtorki 17:00 &#8211; 19:00<br \/>\u00a0\u00a0\u00a0\u00a0\u00a0 &#8211; czwartki 17:00 &#8211; 19:00<\/p>\n<p style=\"padding-left: 40px;\"><strong>NIP:<\/strong> 634-019-54-83<br \/><strong>REGON:<\/strong> 240572621<br \/><strong>KRS:<\/strong> 0000273051<\/p>\n<\/div>\n\n\n\n<div class=\"wp-block-column is-layout-flow wp-block-column-is-layout-flow\">\n<iframe loading=\"lazy\" src=\"https:\/\/www.google.com\/maps\/embed?pb=!1m18!1m12!1m3!1d20396.136688747745!2d18.93251967974791!3d50.28227488494623!2m3!1f0!2f0!3f0!3m2!1i1024!2i768!4f13.1!3m3!1m2!1s0x4716d2710ec75b77%3A0x807cc29d29131d43!2sZHP%20Komenda%20Hufca%20Chorz%C3%B3w%20im.%20Obronc%C3%B3w%20Chorzowa!5e0!3m2!1spl!2spl!4v1579368721696!5m2!1spl!2spl\" style=\"border:0;\" allowfullscreen=\"\" width=\"350\" height=\"350\" frameborder=\"0\"><\/iframe>\n<\/div>\n<\/div>\n\n\n<h5><strong>Dane finansowe<\/strong><\/h5>\n<p style=\"padding-left: 40px;\"><span class=\"wp-svg-credit credit\"><\/span> <strong>Numer konta:<\/strong> mBank 04 1140 1010 0000 4788 0700 1001<\/p>\n<h5><strong>Dane do faktury<\/strong><\/h5>\n<p style=\"padding-left: 40px;\">Na jednej fakturze musz\u0105 znale\u017a\u0107 si\u0119 nast\u0119puj\u0105ce dane:<\/p>\n<p style=\"padding-left: 80px;\"><span class=\"wp-svg-redo-2 redo-2\"><\/span>\u00a0 <strong>Nabywca:<\/strong> ZHP Chor\u0105giew \u015al\u0105ska<br \/>\u00a0\u00a0\u00a0\u00a0\u00a0\u00a0 al. Harcerska 3B, Chorz\u00f3w 41-500<br \/>\u00a0\u00a0\u00a0\u00a0\u00a0\u00a0 NIP: 634-019-54-83<\/p>\n<p style=\"padding-left: 80px;\"><span class=\"wp-svg-forward forward\"><\/span>\u00a0 <strong>Odbiorca:<\/strong> ZHP Chor\u0105giew \u015al\u0105ska Hufiec Chorz\u00f3w<br \/>\u00a0\u00a0\u00a0\u00a0\u00a0\u00a0 Plac Hutnik\u00f3w, Chorz\u00f3w 41-500<\/p>\n<h5><strong>Znajdziesz nas na:<\/strong><\/h5>\n<p style=\"padding-left: 40px;\"><span class=\"wp-svg-globe globe\"><\/span>\u00a0 \u00a0<a href=\"http:\/\/www.chorzow.zhp.pl\">www.chorzow.zhp.pl<\/a><br \/><span class=\"wp-svg-facebook-2 facebook-2\"><\/span>\u00a0\u00a0 <a href=\"http:\/\/www.facebook.com\/hufiecchorzow\/\">www.facebook.com\/hufiecchorzow\/<\/a><br \/><span class=\"wp-svg-instagram instagram\"><\/span>\u00a0\u00a0 <a href=\"https:\/\/www.instagram.com\/hufiec_chorzow\/\">https:\/\/www.instagram.com\/hufiec_chorzow\/<\/a><br \/><span class=\"wp-svg-youtube youtube\"><\/span>\u00a0\u00a0 https:\/\/www.youtube.com\/channel\/UCDgYpHGVIvE6hGdero1uvNg<\/p>\n\n\n<p><\/p>\n","protected":false},"excerpt":{"rendered":"<p>Dane kontaktowe Hufiec ZHP Chorz\u00f3w\u00a0\u00a0\u00a0\u00a0\u00a0 im. Obro\u0144c\u00f3w Chorzowa\u00a0\u00a0\u00a0\u00a0\u00a0 Plac Hutnik\u00f3w\u00a0\u00a0\u00a0\u00a0\u00a0 Chorz\u00f3w 41-500\u00a0 32 2410 827 \/\/ +48 601 453 018\u00a0<\/p>\n","protected":false},"author":1,"featured_media":0,"parent":0,"menu_order":0,"comment_status":"closed","ping_status":"closed","template":"","meta":{"footnotes":""},"class_list":["post-13","page","type-page","status-publish","hentry"],"_links":{"self":[{"href":"https:\/\/chorzow.zhp.pl\/index.php?rest_route=\/wp\/v2\/pages\/13","targetHints":{"allow":["GET"]}}],"collection":[{"href":"https:\/\/chorzow.zhp.pl\/index.php?rest_route=\/wp\/v2\/pages"}],"about":[{"href":"https:\/\/chorzow.zhp.pl\/index.php?rest_route=\/wp\/v2\/types\/page"}],"author":[{"embeddable":true,"href":"https:\/\/chorzow.zhp.pl\/index.php?rest_route=\/wp\/v2\/users\/1"}],"replies":[{"embeddable":true,"href":"https:\/\/chorzow.zhp.pl\/index.php?rest_route=%2Fwp%2Fv2%2Fcomments&post=13"}],"version-history":[{"count":55,"href":"https:\/\/chorzow.zhp.pl\/index.php?rest_route=\/wp\/v2\/pages\/13\/revisions"}],"predecessor-version":[{"id":3318,"href":"https:\/\/chorzow.zhp.pl\/index.php?rest_route=\/wp\/v2\/pages\/13\/revisions\/3318"}],"wp:attachment":[{"href":"https:\/\/chorzow.zhp.pl\/index.php?rest_route=%2Fwp%2Fv2%2Fmedia&parent=13"}],"curies":[{"name":"wp","href":"https:\/\/api.w.org\/{rel}","templated":true}]}}