{"id":2,"date":"2015-09-15T21:36:09","date_gmt":"2015-09-15T19:36:09","guid":{"rendered":"http:\/\/chorzow.zhp.pl\/?page_id=2"},"modified":"2016-01-12T22:25:38","modified_gmt":"2016-01-12T21:25:38","slug":"przykladowa-strona","status":"publish","type":"page","link":"https:\/\/chorzow.zhp.pl\/?page_id=2","title":{"rendered":"O Hufcu"},"content":{"rendered":"<p>Hufiec ZHP im. Obro\u0144c\u00f3w Chorzowa\u00a0 obejmuje swoim zasi\u0119giem dwa miasta, tj. Chorz\u00f3w i \u015awi\u0119toch\u0142owice. Zgodnie z danymi z dnia 1 stycznia 2016 roku, Hufiec Chorz\u00f3w liczy 350 zuch\u00f3w, harcerzy, harcerzy starszych, w\u0119drownik\u00f3w, senior\u00f3w i instruktor\u00f3w. Aktualnie nasz hufiec, to 6 gromad zuchowych\u00a0 oraz 15 dru\u017cyn harcerskich, starszoharcerskich, w\u0119drowniczych i wielopoziomowych.<\/p>\n<p>Dzia\u0142amy zgodnie z zasadami, celami i metod\u0105 wprowadzonymi przez za\u0142o\u017cyciela skautingu Roberta Baden-Powella i rozwini\u0119tymi przez Andrzeja Ma\u0142kowskiego. ZHP jest dobrowolnym stowarzyszeniem otwartym dla wszystkich bez wzgl\u0119du na pochodzenie, ras\u0119 czy\u00a0wyznanie. Jeste\u015bmy\u00a0 stowarzyszeniem apolitycznym, niezale\u017cnym ideowo i organizacyjnie od partii, ruch\u00f3w i\u00a0organizacji o charakterze politycznym. Ponadto ZHP jest cz\u0142onkiem \u015bwiatowej rodziny skautowej zrzeszonej w \u015awiatowej Organizacji Ruchu Skautowego (WOSM), \u015awiatowym Stowarzyszeniu Przewodniczek i Skautek (WAGGGS) i Mi\u0119dzynarodowym Bractwie Skaut\u00f3w i Przewodniczek (ISGF).<\/p>\n<p>Misj\u0105 ZHP jest wychowywanie m\u0142odego cz\u0142owieka, czyli wspieranie go we wszechstronnym rozwoju i kszta\u0142towaniu charakteru przez stawianie wyzwa\u0144. ZHP wychowuje m\u0142odych ludzi na prawych, aktywnych, zaradnych i odpowiedzialnych obywateli w duchu warto\u015bci zawartych w Prawie Harcerskim. Podstaw\u0105 wychowania w ZHP s\u0105 normy moralne, wywodz\u0105ce si\u0119 z\u00a0uniwersalnych, kulturowych i etycznych warto\u015bci chrze\u015bcija\u0144stwa. ZHP uznaje prawo ka\u017cdego cz\u0142onka Zwi\u0105zku do osobistego wyboru systemu warto\u015bci duchowych. Za g\u0142\u00f3wne cele swojego dzia\u0142ania ZHP uznaje:<\/p>\n<ul>\n<li>stwarzanie warunk\u00f3w do wszechstronnego, intelektualnego, spo\u0142ecznego, duchowego, emocjonalnego i fizycznego rozwoju cz\u0142owieka,<\/li>\n<li>nieskr\u0119powane kszta\u0142towanie osobowo\u015bci cz\u0142owieka odpowiedzialnego, przy poszanowaniu jego prawa do wolno\u015bci i godno\u015bci, w tym wolno\u015bci od wszelkich na\u0142og\u00f3w,<\/li>\n<li>upowszechnianie i umacnianie w spo\u0142ecze\u0144stwie przywi\u0105zania do warto\u015bci: wolno\u015bci, prawdy, sprawiedliwo\u015bci, demokracji, samorz\u0105dno\u015bci, r\u00f3wnouprawnienia, tolerancji i przyja\u017ani,<\/li>\n<li>stwarzanie warunk\u00f3w do nawi\u0105zywania i utrwalania silnych wi\u0119zi mi\u0119dzyludzkich ponad podzia\u0142ami rasowymi, narodowo\u015bciowymi i wyznaniowymi,<\/li>\n<li>upowszechnianie wiedzy o \u015bwiecie przyrody, przeciwstawianie si\u0119 jego niszczeniu przez cywilizacj\u0119, kszta\u0142towanie potrzeby kontaktu z nieska\u017con\u0105 przyrod\u0105.<\/li>\n<\/ul>\n<p>R\u00f3\u017cnorodno\u015b\u0107 tradycji, zwyczaj\u00f3w oraz do\u015bwiadcze\u0144 tworzy oblicze naszych dru\u017cyn hufca. Sp\u00f3jnym dla wszystkich jest system wychowawczy rozumiany jako jedno\u015b\u0107 zasad harcerskiego wychowania, metody i programu, jako ch\u0119\u0107 s\u0142u\u017cby Bogu, Polsce i Bli\u017anim.<\/p>\n","protected":false},"excerpt":{"rendered":"<p>Hufiec ZHP im. Obro\u0144c\u00f3w Chorzowa\u00a0 obejmuje swoim zasi\u0119giem dwa miasta, tj. Chorz\u00f3w i \u015awi\u0119toch\u0142owice. Zgodnie z danymi z dnia 1<\/p>\n","protected":false},"author":1,"featured_media":0,"parent":0,"menu_order":0,"comment_status":"closed","ping_status":"closed","template":"","meta":{"footnotes":""},"class_list":["post-2","page","type-page","status-publish","hentry"],"_links":{"self":[{"href":"https:\/\/chorzow.zhp.pl\/index.php?rest_route=\/wp\/v2\/pages\/2","targetHints":{"allow":["GET"]}}],"collection":[{"href":"https:\/\/chorzow.zhp.pl\/index.php?rest_route=\/wp\/v2\/pages"}],"about":[{"href":"https:\/\/chorzow.zhp.pl\/index.php?rest_route=\/wp\/v2\/types\/page"}],"author":[{"embeddable":true,"href":"https:\/\/chorzow.zhp.pl\/index.php?rest_route=\/wp\/v2\/users\/1"}],"replies":[{"embeddable":true,"href":"https:\/\/chorzow.zhp.pl\/index.php?rest_route=%2Fwp%2Fv2%2Fcomments&post=2"}],"version-history":[{"count":5,"href":"https:\/\/chorzow.zhp.pl\/index.php?rest_route=\/wp\/v2\/pages\/2\/revisions"}],"predecessor-version":[{"id":416,"href":"https:\/\/chorzow.zhp.pl\/index.php?rest_route=\/wp\/v2\/pages\/2\/revisions\/416"}],"wp:attachment":[{"href":"https:\/\/chorzow.zhp.pl\/index.php?rest_route=%2Fwp%2Fv2%2Fmedia&parent=2"}],"curies":[{"name":"wp","href":"https:\/\/api.w.org\/{rel}","templated":true}]}}