{"id":2001,"date":"2020-01-18T02:07:46","date_gmt":"2020-01-18T01:07:46","guid":{"rendered":"https:\/\/chorzow.zhp.pl\/?page_id=2001"},"modified":"2023-11-13T22:26:55","modified_gmt":"2023-11-13T21:26:55","slug":"struktura","status":"publish","type":"page","link":"https:\/\/chorzow.zhp.pl\/?page_id=2001","title":{"rendered":"Struktura"},"content":{"rendered":"<p style=\"padding-left: 40px;\"><span class=\"wp-svg-arrow-right-3 arrow-right-3\"><\/span>\u00a0 <a href=\"https:\/\/chorzow.zhp.pl\/?page_id=46\">Namiestnictwo Zuchowe &#8222;Brygada \u015al\u0105skich Bajtli&#8221;<\/a><br \/>\n<span class=\"wp-svg-arrow-right-3 arrow-right-3\"><\/span>\u00a0 <a href=\"https:\/\/chorzow.zhp.pl\/?page_id=48\">Namiestnictwo Harcerskie &#8222;Gwarki&#8221;<\/a><br \/>\n<span class=\"wp-svg-arrow-right-3 arrow-right-3\"><\/span>\u00a0 <a href=\"https:\/\/chorzow.zhp.pl\/?page_id=50\">50 HDW &#8222;Drakkar&#8221;<\/a><br \/>\n<span class=\"wp-svg-arrow-right-3 arrow-right-3\"><\/span>\u00a0 <a href=\"https:\/\/chorzow.zhp.pl\/?page_id=55\">Komisja Stopni Instrukorskich<\/a><br \/>\n<span class=\"wp-svg-arrow-right-3 arrow-right-3\"><\/span>\u00a0 <a href=\"https:\/\/chorzow.zhp.pl\/?page_id=57\">Kapitu\u0142a Stopni W\u0119drowniczych<\/a><br \/>\n<span class=\"wp-svg-arrow-right-3 arrow-right-3\"><\/span>\u00a0 <a href=\"https:\/\/chorzow.zhp.pl\/?page_id=2886\">Zesp\u00f3\u0142 Kadry Kszta\u0142c\u0105cej<\/a><\/p>\n","protected":false},"excerpt":{"rendered":"<p>\u00a0 Namiestnictwo Zuchowe &#8222;Brygada \u015al\u0105skich Bajtli&#8221; \u00a0 Namiestnictwo Harcerskie &#8222;Gwarki&#8221; \u00a0 50 HDW &#8222;Drakkar&#8221; \u00a0 Komisja Stopni Instrukorskich \u00a0 Kapitu\u0142a<\/p>\n","protected":false},"author":1,"featured_media":0,"parent":0,"menu_order":0,"comment_status":"closed","ping_status":"closed","template":"","meta":{"footnotes":""},"class_list":["post-2001","page","type-page","status-publish","hentry"],"_links":{"self":[{"href":"https:\/\/chorzow.zhp.pl\/index.php?rest_route=\/wp\/v2\/pages\/2001","targetHints":{"allow":["GET"]}}],"collection":[{"href":"https:\/\/chorzow.zhp.pl\/index.php?rest_route=\/wp\/v2\/pages"}],"about":[{"href":"https:\/\/chorzow.zhp.pl\/index.php?rest_route=\/wp\/v2\/types\/page"}],"author":[{"embeddable":true,"href":"https:\/\/chorzow.zhp.pl\/index.php?rest_route=\/wp\/v2\/users\/1"}],"replies":[{"embeddable":true,"href":"https:\/\/chorzow.zhp.pl\/index.php?rest_route=%2Fwp%2Fv2%2Fcomments&post=2001"}],"version-history":[{"count":4,"href":"https:\/\/chorzow.zhp.pl\/index.php?rest_route=\/wp\/v2\/pages\/2001\/revisions"}],"predecessor-version":[{"id":2891,"href":"https:\/\/chorzow.zhp.pl\/index.php?rest_route=\/wp\/v2\/pages\/2001\/revisions\/2891"}],"wp:attachment":[{"href":"https:\/\/chorzow.zhp.pl\/index.php?rest_route=%2Fwp%2Fv2%2Fmedia&parent=2001"}],"curies":[{"name":"wp","href":"https:\/\/api.w.org\/{rel}","templated":true}]}}