{"id":2252,"date":"2020-01-20T13:16:31","date_gmt":"2020-01-20T12:16:31","guid":{"rendered":"https:\/\/chorzow.zhp.pl\/?page_id=2252"},"modified":"2026-04-07T17:50:38","modified_gmt":"2026-04-07T15:50:38","slug":"polisa-ubezpieczeniowa","status":"publish","type":"page","link":"https:\/\/chorzow.zhp.pl\/?page_id=2252","title":{"rendered":"Ubezpieczenie NNW"},"content":{"rendered":"<h6><strong>Polisa nr <span data-olk-copy-source=\"MessageBody\">998B178306<\/span> na okres od 27.03.2026 r. do 26.03.2027 r.<\/strong><\/h6>\n<p>Firma ubezpieczeniowa: UNIQUA Towarzystwo Ubezpiecze\u0144 SA, 90-520 \u0141\u00f3d\u017a, ul. Gda\u0144ska 132<\/p>\n<h6><strong>Suma ubezpieczenia: 20 000,00 z\u0142 \/ os<br \/>\n<\/strong><\/h6>\n<p><strong><span class=\"wp-svg-arrow-right-3 arrow-right-3\"><\/span> WA\u017bNE: Warunkiem uruchomienia ochrony w ramach polisy ubezpieczeniowej NNW jest terminowe op\u0142acenie sk\u0142adek cz\u0142onkowskich oraz figurowanie w ewidencji TIPI.<\/strong><\/p>\n<h6><strong>Czas ochrony:<\/strong><\/h6>\n<p>Zaj\u0119cia organizowane przez Zwi\u0105zek Harcerstwa Polskiego w ramach dzia\u0142alno\u015bci statutowej np.:<\/p>\n<p style=\"padding-left: 40px;\"><span class=\"wp-svg-arrow-right-3 arrow-right-3\"><\/span>\u00a0 zbi\u00f3rki<br \/>\n<span class=\"wp-svg-arrow-right-3 arrow-right-3\"><\/span>\u00a0 biwaki<br \/>\n<span class=\"wp-svg-arrow-right-3 arrow-right-3\"><\/span>\u00a0 wycieczki<br \/>\n<span class=\"wp-svg-arrow-right-3 arrow-right-3\"><\/span>\u00a0 imprezy stacjonarne<\/p>\n<h6><strong>Zakres ubezpieczenia:<\/strong><\/h6>\n<p style=\"padding-left: 40px;\"><span class=\"wp-svg-arrow-right-3 arrow-right-3\"><\/span>\u00a0 trwa\u0142y uszczerbek na zdrowiu &#8211; do 100% sumy ubezpieczenia<br \/>\n<span class=\"wp-svg-arrow-right-3 arrow-right-3\"><\/span>\u00a0 koszty przeszkolenia zawodowego inwalid\u00f3w &#8211; do 20% sumy ubezpieczenia<br \/>\n<span class=\"wp-svg-arrow-right-3 arrow-right-3\"><\/span>\u00a0 zwrot koszt\u00f3w leczenia &#8211; do 20% sumy ubezpieczenia<br \/>\n<span class=\"wp-svg-arrow-right-3 arrow-right-3\"><\/span>\u00a0 \u015bmier\u0107 ubezpieczonego &#8211; do 100% sumy ubezpieczenia<\/p>\n","protected":false},"excerpt":{"rendered":"<p>Polisa nr 998B178306 na okres od 27.03.2026 r. do 26.03.2027 r. Firma ubezpieczeniowa: UNIQUA Towarzystwo Ubezpiecze\u0144 SA, 90-520 \u0141\u00f3d\u017a, ul.<\/p>\n","protected":false},"author":1,"featured_media":0,"parent":0,"menu_order":0,"comment_status":"closed","ping_status":"closed","template":"","meta":{"footnotes":""},"class_list":["post-2252","page","type-page","status-publish","hentry"],"_links":{"self":[{"href":"https:\/\/chorzow.zhp.pl\/index.php?rest_route=\/wp\/v2\/pages\/2252","targetHints":{"allow":["GET"]}}],"collection":[{"href":"https:\/\/chorzow.zhp.pl\/index.php?rest_route=\/wp\/v2\/pages"}],"about":[{"href":"https:\/\/chorzow.zhp.pl\/index.php?rest_route=\/wp\/v2\/types\/page"}],"author":[{"embeddable":true,"href":"https:\/\/chorzow.zhp.pl\/index.php?rest_route=\/wp\/v2\/users\/1"}],"replies":[{"embeddable":true,"href":"https:\/\/chorzow.zhp.pl\/index.php?rest_route=%2Fwp%2Fv2%2Fcomments&post=2252"}],"version-history":[{"count":19,"href":"https:\/\/chorzow.zhp.pl\/index.php?rest_route=\/wp\/v2\/pages\/2252\/revisions"}],"predecessor-version":[{"id":3359,"href":"https:\/\/chorzow.zhp.pl\/index.php?rest_route=\/wp\/v2\/pages\/2252\/revisions\/3359"}],"wp:attachment":[{"href":"https:\/\/chorzow.zhp.pl\/index.php?rest_route=%2Fwp%2Fv2%2Fmedia&parent=2252"}],"curies":[{"name":"wp","href":"https:\/\/api.w.org\/{rel}","templated":true}]}}