{"id":2279,"date":"2020-02-04T21:52:08","date_gmt":"2020-02-04T20:52:08","guid":{"rendered":"https:\/\/chorzow.zhp.pl\/?page_id=2279"},"modified":"2024-04-22T14:56:12","modified_gmt":"2024-04-22T12:56:12","slug":"oboz-harcerski-w-kucobach-2","status":"publish","type":"page","link":"https:\/\/chorzow.zhp.pl\/?page_id=2279","title":{"rendered":"Ob\u00f3z Harcerski"},"content":{"rendered":"\n<figure class=\"wp-block-image aligncenter size-full is-resized\"><a href=\"https:\/\/chorzow.zhp.pl\/wp-content\/uploads\/2024\/04\/2024-3.png\"><img loading=\"lazy\" decoding=\"async\" width=\"2300\" height=\"708\" src=\"https:\/\/chorzow.zhp.pl\/wp-content\/uploads\/2024\/04\/2024-3.png\" alt=\"\" class=\"wp-image-3092\" style=\"width:1066px;height:auto\" srcset=\"https:\/\/chorzow.zhp.pl\/wp-content\/uploads\/2024\/04\/2024-3.png 2300w, https:\/\/chorzow.zhp.pl\/wp-content\/uploads\/2024\/04\/2024-3-300x92.png 300w, https:\/\/chorzow.zhp.pl\/wp-content\/uploads\/2024\/04\/2024-3-1024x315.png 1024w, https:\/\/chorzow.zhp.pl\/wp-content\/uploads\/2024\/04\/2024-3-768x236.png 768w, https:\/\/chorzow.zhp.pl\/wp-content\/uploads\/2024\/04\/2024-3-1536x473.png 1536w, https:\/\/chorzow.zhp.pl\/wp-content\/uploads\/2024\/04\/2024-3-2048x630.png 2048w\" sizes=\"auto, (max-width: 2300px) 100vw, 2300px\" \/><\/a><\/figure>\n\n\n<p><strong>OB\u00d3Z KIEROWANY TYLKO DO HARCERZY HUFCA ZHP CHORZ\u00d3W Z OP\u0141ACONYMI SK\u0141ADKAMI<\/strong><\/p>\n<p>Ob\u00f3z Harcerski &#8222;Wybrze\u017ce Tajemnic&#8221; to doskona\u0142a propozycja dla wszystkich cz\u0142onk\u00f3w naszego Hufca, kt\u00f3rzy chc\u0105 prze\u017cy\u0107 przygod\u0119 pe\u0142n\u0105 \u0142amig\u0142\u00f3wek, zagadek i zada\u0144. Podczas obozu uczestnicy sprawdz\u0105 swoj\u0105 wiedz\u0119 harcersk\u0105, a tak\u017ce zmys\u0142 poszukiwania rozwi\u0105za\u0144. Ob\u00f3z prowadzony jest metod\u0105 harcersk\u0105 przez instruktor\u00f3w naszego hufca.<\/p>\n<p><strong><span class=\"wp-svg-location location\"><\/span>\u00a0 MIEJSCE:<\/strong> Harcerska Baza Obozowa Hufca ZHP \u0141\u00f3d\u017a Widzew w Jaros\u0142awcu<\/p>\n<p><strong><span class=\"wp-svg-calendar calendar\"><\/span>\u00a0 TERMINY i ZG\u0141OSZENIA:<br \/><\/strong><span class=\"wp-svg-arrow-right-3 arrow-right-3\"><\/span> 14. lipca &#8211; 28. lipca 2024 r. &#8211; <a href=\"https:\/\/forms.office.com\/e\/VvZkY7FVze\">FORMULARZ ZG\u0141OSZENIOWY<\/a><\/p>\n<p><span class=\"wp-svg-coin coin\"><\/span>\u00a0 <strong>KOSZT:<\/strong> 2000 z\u0142<br \/><span class=\"wp-svg-users users\"><\/span>\u00a0 <strong>WIEK:<\/strong> 10-17 lat<br \/><span class=\"wp-svg-home home\"><\/span>\u00a0 <strong>ZAKWATEROWANIE: <\/strong>Namioty<\/p>\n<p><strong><span class=\"wp-svg-happy-2 happy-2\"><\/span>\u00a0 W PROGRAMIE:<\/strong><\/p>\n<ul>\n<li style=\"list-style-type: none;\">\n<ul>\n<li style=\"list-style-type: none;\">\n<ul>\n<li data-ogsc=\"rgb(0, 0, 0)\">\n<div class=\"x_elementToProof\" data-ogsc=\"rgb(0, 0, 0)\">zaj\u0119cia plastyczne, techniczne, artystyczne<\/div>\n<\/li>\n<li data-ogsc=\"rgb(0, 0, 0)\"><span data-ogsc=\"rgb(0, 0, 0)\">zaj\u0119cia sportowe<\/span><\/li>\n<li data-ogsc=\"rgb(0, 0, 0)\"><span data-ogsc=\"rgb(0, 0, 0)\">zaj\u0119cia z terenoznawstwa, pierwszej pomocy<\/span><\/li>\n<li data-ogsc=\"rgb(0, 0, 0)\"><span data-ogsc=\"rgb(0, 0, 0)\">gry terenowe, ogniska<\/span><\/li>\n<li data-ogsc=\"rgb(0, 0, 0)\">\n<div class=\"x_elementToProof\" data-ogsc=\"rgb(0, 0, 0)\">zaj\u0119cia wodne<\/div>\n<\/li>\n<li data-ogsc=\"rgb(0, 0, 0)\">\n<div data-ogsc=\"rgb(0, 0, 0)\">wycieczki<\/div>\n<\/li>\n<li data-ogsc=\"rgb(0, 0, 0)\">\n<div class=\"x_elementToProof\" data-ogsc=\"rgb(0, 0, 0)\">konkursy, \u015bpiewogrania<\/div>\n<\/li>\n<li data-ogsc=\"rgb(0, 0, 0)\">\n<div class=\"x_elementToProof\" data-ogsc=\"rgb(0, 0, 0)\">zaj\u0119cia logiczne<\/div>\n<\/li>\n<li>i wiele innych&#8230;<\/li>\n<\/ul>\n<\/li>\n<\/ul>\n<\/li>\n<\/ul>\n<p><strong><span class=\"wp-svg-checkmark checkmark\"><\/span>\u00a0 ZAPEWNIAMY:<\/strong><\/p>\n<ul>\n<li style=\"list-style-type: none;\">\n<ul>\n<li style=\"list-style-type: none;\">\n<ul>\n<li>4 posi\u0142ki dziennie<\/li>\n<li>transport<\/li>\n<li>ubezpieczenie NNW<\/li>\n<li>opiek\u0119 kadry wychowawczej<\/li>\n<li>opiek\u0119 medyczn\u0105<\/li>\n<\/ul>\n<\/li>\n<\/ul>\n<\/li>\n<\/ul>\n<ul>\n<li style=\"list-style-type: none;\">\u00a0<\/li>\n<\/ul>","protected":false},"excerpt":{"rendered":"<p>OB\u00d3Z KIEROWANY TYLKO DO HARCERZY HUFCA ZHP CHORZ\u00d3W Z OP\u0141ACONYMI SK\u0141ADKAMI Ob\u00f3z Harcerski &#8222;Wybrze\u017ce Tajemnic&#8221; to doskona\u0142a propozycja dla wszystkich<\/p>\n","protected":false},"author":1,"featured_media":0,"parent":0,"menu_order":0,"comment_status":"closed","ping_status":"closed","template":"","meta":{"footnotes":""},"class_list":["post-2279","page","type-page","status-publish","hentry"],"_links":{"self":[{"href":"https:\/\/chorzow.zhp.pl\/index.php?rest_route=\/wp\/v2\/pages\/2279","targetHints":{"allow":["GET"]}}],"collection":[{"href":"https:\/\/chorzow.zhp.pl\/index.php?rest_route=\/wp\/v2\/pages"}],"about":[{"href":"https:\/\/chorzow.zhp.pl\/index.php?rest_route=\/wp\/v2\/types\/page"}],"author":[{"embeddable":true,"href":"https:\/\/chorzow.zhp.pl\/index.php?rest_route=\/wp\/v2\/users\/1"}],"replies":[{"embeddable":true,"href":"https:\/\/chorzow.zhp.pl\/index.php?rest_route=%2Fwp%2Fv2%2Fcomments&post=2279"}],"version-history":[{"count":19,"href":"https:\/\/chorzow.zhp.pl\/index.php?rest_route=\/wp\/v2\/pages\/2279\/revisions"}],"predecessor-version":[{"id":3093,"href":"https:\/\/chorzow.zhp.pl\/index.php?rest_route=\/wp\/v2\/pages\/2279\/revisions\/3093"}],"wp:attachment":[{"href":"https:\/\/chorzow.zhp.pl\/index.php?rest_route=%2Fwp%2Fv2%2Fmedia&parent=2279"}],"curies":[{"name":"wp","href":"https:\/\/api.w.org\/{rel}","templated":true}]}}