{"id":2719,"date":"2021-02-28T10:03:22","date_gmt":"2021-02-28T09:03:22","guid":{"rendered":"https:\/\/chorzow.zhp.pl\/?page_id=2719"},"modified":"2026-04-06T13:48:28","modified_gmt":"2026-04-06T11:48:28","slug":"kolonia-zuchowa","status":"publish","type":"page","link":"https:\/\/chorzow.zhp.pl\/?page_id=2719","title":{"rendered":"Kolonia Wodna 2026"},"content":{"rendered":"\n<figure class=\"wp-block-image aligncenter size-large is-resized\"><a href=\"https:\/\/chorzow.zhp.pl\/wp-content\/uploads\/2024\/03\/3.png\"><img loading=\"lazy\" decoding=\"async\" width=\"1024\" height=\"315\" src=\"https:\/\/chorzow.zhp.pl\/wp-content\/uploads\/2024\/03\/3-1024x315.png\" alt=\"\" class=\"wp-image-3061\" style=\"width:823px;height:auto\" srcset=\"https:\/\/chorzow.zhp.pl\/wp-content\/uploads\/2024\/03\/3-1024x315.png 1024w, https:\/\/chorzow.zhp.pl\/wp-content\/uploads\/2024\/03\/3-300x92.png 300w, https:\/\/chorzow.zhp.pl\/wp-content\/uploads\/2024\/03\/3-768x236.png 768w, https:\/\/chorzow.zhp.pl\/wp-content\/uploads\/2024\/03\/3-1536x473.png 1536w, https:\/\/chorzow.zhp.pl\/wp-content\/uploads\/2024\/03\/3-2048x630.png 2048w\" sizes=\"auto, (max-width: 1024px) 100vw, 1024px\" \/><\/a><\/figure>\n\n\n<p><strong>Kolonia wodna<\/strong>, to forma wypoczynku skierowana do naszych najm\u0142odszych uczestnik\u00f3w akcji letniej. Podczas dwutygodniowej przygody w P\u0142awniowicach, ka\u017cdy <br \/>z kolonist\u00f3w b\u0119dzie mia\u0142 okazje uczestniczy\u0107 w kreatywnych zaj\u0119ciach przygotowanych przez nasz\u0105 kadr\u0119, bawi\u0107 si\u0119 w &#8222;co\u015b&#8221; lub &#8222;kogo\u015b&#8221; w oparciu o metodyk\u0119 zuchow\u0105 i jej sprawno\u015bci, skorzysta\u0107 ze sprz\u0119tu wodnego Harcerskiej Stanicy Wodnej w P\u0142awniowicach, wybra\u0107 si\u0119 na niezapomniane wycieczki oraz zdoby\u0107 wiele przydatnych &#8211; na l\u0105dzie i na wodzie &#8211; umiej\u0119tno\u015bci!<\/p>\n<p><strong><span class=\"wp-svg-location location\"><\/span>\u00a0 MIEJSCE:<\/strong> Harcerska Stanica Wodna KWIRP w P\u0142awniowicach<br \/><strong><span class=\"wp-svg-calendar calendar\"><\/span>\u00a0 TERMINY i ZG\u0141OSZENIA:<br \/><\/strong><span class=\"wp-svg-arrow-right-3 arrow-right-3\"><\/span>\u00a0 11 &#8211; 24 lipca 2026 r. &#8211; <a href=\"https:\/\/forms.office.com\/pages\/responsepage.aspx?id=Ho024XU55kyJPfw1H9RNzULZ-7BA5xhFnL1ZDnh-i2FUMEY1OVBONUc1VVM1RVhHODdIV09XNDQ2OS4u&amp;fbclid=IwY2xjawRAfLNleHRuA2FlbQIxMABicmlkETFyVmpLRmg2Z3ZLdWo4d0xCc3J0YwZhcHBfaWQQMjIyMDM5MTc4ODIwMDg5MgABHpy62c5MkOgVa-fP2gcwgJ5WESQDVqn14dGTd31rhTq6ABxZoBtTmRNE0dJX_aem_ydl3YomzKUnrPUQ64Td6lA&amp;route=shorturl\"><strong>FORMULARZ ZG\u0141OSZENIOWY<\/strong><\/a><\/p>\n<p><span class=\"wp-svg-coin coin\"><\/span>\u00a0 <strong>KOSZT:\u00a0<br \/><\/strong><span class=\"wp-svg-arrow-right-3 arrow-right-3\"><\/span>\u00a0 2150 z\u0142 &#8211; dla cz\u0142onk\u00f3w ZHP z op\u0142acon\u0105 sk\u0142adk\u0105 cz\u0142onkowsk\u0105<br \/><span class=\"wp-svg-arrow-right-3 arrow-right-3\"><\/span>\u00a0 2300 z\u0142 &#8211; dla os\u00f3b spoza ZHP lub bez op\u0142aconej sk\u0142adki cz\u0142onkowskiej<\/p>\n<p><span class=\"wp-svg-users users\"><\/span>\u00a0 <strong>WIEK:<\/strong> 7 -10 lat (I-III klasa Szko\u0142y Podstawowej)<br \/><span class=\"wp-svg-home home\"><\/span>\u00a0 <strong>ZAKWATEROWANIE: <\/strong>Namioty<\/p>\n<p><strong><span class=\"wp-svg-happy-2 happy-2\"><\/span>\u00a0 W PROGRAMIE:<\/strong><\/p>\n<ul>\n<li style=\"list-style-type: none;\">\n<ul>\n<li style=\"list-style-type: none;\">\n<ul>\n<li>zaj\u0119cia plastyczne, techniczne, artystyczne<\/li>\n<li>zaj\u0119cia sportowe<\/li>\n<li>zabawy tematyczne<\/li>\n<li>gry terenowe, ogniska<\/li>\n<li>zaj\u0119cia wio\u015blarskie m.in. kanadyjki, kajaki, cz\u00f3\u0142na<\/li>\n<li>zaj\u0119cia \u017ceglarskie m.in. optymisty, omegi, DZ<\/li>\n<li>konkursy, \u015bpiewogrania<\/li>\n<li>i wiele innych&#8230;<\/li>\n<\/ul>\n<\/li>\n<\/ul>\n<\/li>\n<\/ul>\n<p><strong><span class=\"wp-svg-checkmark checkmark\"><\/span>\u00a0 ZAPEWNIAMY:<\/strong><\/p>\n<ul>\n<li style=\"list-style-type: none;\">\n<ul>\n<li style=\"list-style-type: none;\">\n<ul>\n<li>4 posi\u0142ki dziennie<\/li>\n<li>transport<\/li>\n<li>ubezpieczenie NNW<\/li>\n<li>opiek\u0119 kadry wychowawczej<\/li>\n<li>opiek\u0119 medyczn\u0105<\/li>\n<\/ul>\n<\/li>\n<\/ul>\n<\/li>\n<\/ul>","protected":false},"excerpt":{"rendered":"<p>Kolonia wodna, to forma wypoczynku skierowana do naszych najm\u0142odszych uczestnik\u00f3w akcji letniej. Podczas dwutygodniowej przygody w P\u0142awniowicach, ka\u017cdy z kolonist\u00f3w<\/p>\n","protected":false},"author":1,"featured_media":0,"parent":0,"menu_order":0,"comment_status":"closed","ping_status":"closed","template":"","meta":{"footnotes":""},"class_list":["post-2719","page","type-page","status-publish","hentry"],"_links":{"self":[{"href":"https:\/\/chorzow.zhp.pl\/index.php?rest_route=\/wp\/v2\/pages\/2719","targetHints":{"allow":["GET"]}}],"collection":[{"href":"https:\/\/chorzow.zhp.pl\/index.php?rest_route=\/wp\/v2\/pages"}],"about":[{"href":"https:\/\/chorzow.zhp.pl\/index.php?rest_route=\/wp\/v2\/types\/page"}],"author":[{"embeddable":true,"href":"https:\/\/chorzow.zhp.pl\/index.php?rest_route=\/wp\/v2\/users\/1"}],"replies":[{"embeddable":true,"href":"https:\/\/chorzow.zhp.pl\/index.php?rest_route=%2Fwp%2Fv2%2Fcomments&post=2719"}],"version-history":[{"count":16,"href":"https:\/\/chorzow.zhp.pl\/index.php?rest_route=\/wp\/v2\/pages\/2719\/revisions"}],"predecessor-version":[{"id":3347,"href":"https:\/\/chorzow.zhp.pl\/index.php?rest_route=\/wp\/v2\/pages\/2719\/revisions\/3347"}],"wp:attachment":[{"href":"https:\/\/chorzow.zhp.pl\/index.php?rest_route=%2Fwp%2Fv2%2Fmedia&parent=2719"}],"curies":[{"name":"wp","href":"https:\/\/api.w.org\/{rel}","templated":true}]}}