{"id":2886,"date":"2023-11-13T22:24:56","date_gmt":"2023-11-13T21:24:56","guid":{"rendered":"https:\/\/chorzow.zhp.pl\/?page_id=2886"},"modified":"2024-02-23T23:25:19","modified_gmt":"2024-02-23T22:25:19","slug":"zespol-kadry-ksztalcacej","status":"publish","type":"page","link":"https:\/\/chorzow.zhp.pl\/?page_id=2886","title":{"rendered":"Zesp\u00f3\u0142 Kadry Kszta\u0142c\u0105cej"},"content":{"rendered":"\n<figure class=\"wp-block-image aligncenter size-large is-resized\"><img loading=\"lazy\" decoding=\"async\" width=\"877\" height=\"370\" src=\"https:\/\/chorzow.zhp.pl\/wp-content\/uploads\/2023\/11\/Spartakiada-1.png\" alt=\"\" class=\"wp-image-2919\" style=\"width:551px;height:232px\" srcset=\"https:\/\/chorzow.zhp.pl\/wp-content\/uploads\/2023\/11\/Spartakiada-1.png 877w, https:\/\/chorzow.zhp.pl\/wp-content\/uploads\/2023\/11\/Spartakiada-1-300x127.png 300w, https:\/\/chorzow.zhp.pl\/wp-content\/uploads\/2023\/11\/Spartakiada-1-768x324.png 768w\" sizes=\"auto, (max-width: 877px) 100vw, 877px\" \/><\/figure>\n\n\n\n<h5 class=\"wp-block-heading\"><strong>Sk\u0142ad Zespo\u0142u<\/strong><\/h5>\n\n\n\n<p><span class=\"wp-svg-user-3 user-3\"><\/span> &nbsp;hm. Bart\u0142omiej KOLISKO SOKK 380\/2021 &#8211; szef zespo\u0142u <br><span class=\"wp-svg-user-3 user-3\"><\/span>&nbsp; hm. Adrian PRZYCZYNA BOKK 1580\/2022<br><span class=\"wp-svg-user-3 user-3\"><\/span>&nbsp; phm. Karolina TRYCHTA BOKK 1568\/2022<br><span class=\"wp-svg-user-3 user-3\"><\/span>&nbsp; phm. Weronika WALENCIAK<br> <span class=\"wp-svg-user-3 user-3\"><\/span>&nbsp; phm. S\u0142awomi SZYKOWSKI<br> <span class=\"wp-svg-user-3 user-3\"><\/span>&nbsp; pwd. Monika M\u0104CZY\u0143SKA<br> <span class=\"wp-svg-user-3 user-3\"><\/span>&nbsp; pwd. Patrycja BROL<\/p>\n\n\n\n<h5 class=\"wp-block-heading\"><strong>Zrealizowane formy szkoleniowe<\/strong><\/h5>\n\n\n\n<p><span class=\"wp-svg-fire fire\"><\/span> Kurs Dru\u017cynowych Harcerskich &#8222;\u015alunski Trjangel&#8221; &#8211; X.2023 &#8211; I.2024 <br><span class=\"wp-svg-fire fire\"><\/span> Kurs Przewodnikowski &#8222;Azymut 180\u00b0&#8221;  &#8211; III \/ IV 2023 <br><span class=\"wp-svg-fire fire\"><\/span> Warsztaty Pstryk \u201cZarz\u0105dzenie Czasem\u201d &#8211; I.2023<br><span class=\"wp-svg-fire fire\"><\/span> Kurs Przybocznych &#8211; X \/ XI.2022    <br><span class=\"wp-svg-fire fire\"><\/span> Kurs Dru\u017cynowych W\u0119drowniczych &#8211; III \/ IV \/ V.2022  <br><span class=\"wp-svg-fire fire\"><\/span> Kurs Dru\u017cynowych Starszoharcerskich &#8211; III \/ V.2022 <br><span class=\"wp-svg-fire fire\"><\/span> Kurs Przewodnikowski &#8211; IX \/ X.2021 <br><span class=\"wp-svg-fire fire\"><\/span> Warsztaty Opiekun\u00f3w Pr\u00f3b Przewodnikowskich &#8211; V.2021  <br><span class=\"wp-svg-fire fire\"><\/span> Kurs Dru\u017cynowych Zuchowych \u201ePlaneta Z163\u201d  &#8211; V \/ VI.2021 <br><span class=\"wp-svg-fire fire\"><\/span> Kurs Dru\u017cynowych Harcerskich \u2013 \u201eNowy Horyzont\u201d  &#8211; IV \/ V.2020   <br><span class=\"wp-svg-fire fire\"><\/span> Warsztaty \u201elider+ &#8211; modu\u01422 \u2013 Motywowanie w dzia\u0142aniu\u201d \u2013 X.2021  <br><span class=\"wp-svg-fire fire\"><\/span> Kurs przewodnikowski \u201eGwiezdna Akademia \u2013 Poszukiwacze Mocy\u201d &#8211; IX \/ X \/ XI. 2021<br><span class=\"wp-svg-fire fire\"><\/span> Warsztaty \u201ePstryk \u2013 Proces Rozwoju Grupowego\u201d (online) \u2013 VI.2020  <br><span class=\"wp-svg-fire fire\"><\/span> Warsztaty \u201elider+ &#8211; modu\u01421 \u2013 Zarz\u0105dzanie Lud\u017ami w Praktyce\u201d &#8211; III.2020<br><span class=\"wp-svg-fire fire\"><\/span> Warsztaty Przybocznych \u201eAkademia Zielonego Sznura\u201d &#8211; II.2020     <br><span class=\"wp-svg-fire fire\"><\/span> Warsztaty \u201ePstryk \u2013 Grafika Komputerowa\u201d &#8211; I.2020  <br>  <br><\/p>\n\n\n\n<p><br><\/p>\n\n\n\n<p><\/p>\n","protected":false},"excerpt":{"rendered":"<p>Sk\u0142ad Zespo\u0142u &nbsp;hm. Bart\u0142omiej KOLISKO SOKK 380\/2021 &#8211; szef zespo\u0142u &nbsp; hm. Adrian PRZYCZYNA BOKK 1580\/2022&nbsp; phm. Karolina TRYCHTA BOKK<\/p>\n","protected":false},"author":2,"featured_media":0,"parent":0,"menu_order":0,"comment_status":"closed","ping_status":"closed","template":"","meta":{"footnotes":""},"class_list":["post-2886","page","type-page","status-publish","hentry"],"_links":{"self":[{"href":"https:\/\/chorzow.zhp.pl\/index.php?rest_route=\/wp\/v2\/pages\/2886","targetHints":{"allow":["GET"]}}],"collection":[{"href":"https:\/\/chorzow.zhp.pl\/index.php?rest_route=\/wp\/v2\/pages"}],"about":[{"href":"https:\/\/chorzow.zhp.pl\/index.php?rest_route=\/wp\/v2\/types\/page"}],"author":[{"embeddable":true,"href":"https:\/\/chorzow.zhp.pl\/index.php?rest_route=\/wp\/v2\/users\/2"}],"replies":[{"embeddable":true,"href":"https:\/\/chorzow.zhp.pl\/index.php?rest_route=%2Fwp%2Fv2%2Fcomments&post=2886"}],"version-history":[{"count":8,"href":"https:\/\/chorzow.zhp.pl\/index.php?rest_route=\/wp\/v2\/pages\/2886\/revisions"}],"predecessor-version":[{"id":3021,"href":"https:\/\/chorzow.zhp.pl\/index.php?rest_route=\/wp\/v2\/pages\/2886\/revisions\/3021"}],"wp:attachment":[{"href":"https:\/\/chorzow.zhp.pl\/index.php?rest_route=%2Fwp%2Fv2%2Fmedia&parent=2886"}],"curies":[{"name":"wp","href":"https:\/\/api.w.org\/{rel}","templated":true}]}}