{"id":420,"date":"2016-01-12T22:41:33","date_gmt":"2016-01-12T21:41:33","guid":{"rendered":"http:\/\/chorzow.zhp.pl\/?page_id=420"},"modified":"2026-01-08T22:29:46","modified_gmt":"2026-01-08T21:29:46","slug":"skladki-czlonkowskie","status":"publish","type":"page","link":"https:\/\/chorzow.zhp.pl\/?page_id=420","title":{"rendered":"Sk\u0142adki cz\u0142onkowskie"},"content":{"rendered":"<p>Jednym z obowi\u0105zk\u00f3w cz\u0142onkowskich w Zwi\u0105zku Harcerstwa Polskiego jest op\u0142acanie sk\u0142adek cz\u0142onkowskich?<br \/>\nJednak nie s\u0105 one tak straszne, jak mog\u0142oby si\u0119 wydawa\u0107, dzi\u0119ki nim harcerze i instruktorzy naszego Hufca maj\u0105 m.in.:<\/p>\n<p>&#8211; co najmniej 4 <strong>zbi\u00f3rki<\/strong> w miesi\u0105cu (1 zbi\u00f3rka = ok. 7,50 z\u0142)<br \/>\n&#8211; <strong>ubezpieczenie NNW<\/strong> podczas zbi\u00f3rek i biwak\u00f3w<br \/>\n&#8211; materia\u0142y<strong> programowe<\/strong> (druk, materia\u0142y plastyczne, nagrody itp.)<br \/>\n&#8211; obrz\u0119dowe wydatki jednostek (<strong>koszulki, chusty itp<\/strong>.)<br \/>\n&#8211; plakietki zdobywanych<strong> Instrument\u00f3w Metodycznych<\/strong><br \/>\n&#8211; sprz\u0119t Hufca i dru\u017cyn (<strong>sprz\u0119t sportowy, namioty, \u0142\u00f3\u017cka, \u0142odzie itp.<\/strong>)<br \/>\n&#8211; utrzymanie siedziby Hufca &#8211; <strong>miejsca zbi\u00f3rek<\/strong> nocnych i spotka\u0144<\/p>\n<p><strong>Od I kwarta\u0142u 2026 roku, sk\u0142adki wynosi\u0107 b\u0119d\u0105 90 z\u0142 za kwarta\u0142, co daje:<\/strong><br \/>\n&#8211; 360 z\u0142 za ca\u0142y rok ucz\u0119szczania na zbi\u00f3rki harcerskie<br \/>\n<span class=\"x3nfvp2 x1j61x8r x1fcty0u xdj266r xhhsvwb xat24cr xgzva0m xxymvpz xlup9mm x1kky2od\">&#8211; 30<\/span>\u00a0z\u0142 za miesi\u0105c dzia\u0142alno\u015bci harcerskiej<br \/>\n<span class=\"x3nfvp2 x1j61x8r x1fcty0u xdj266r xhhsvwb xat24cr xgzva0m xxymvpz xlup9mm x1kky2od\">&#8211; <\/span>7,5 z\u0142 za jedn\u0105 zbi\u00f3rk\u0119 harcersk\u0105<\/p>\n<p>Tak\u017ce, sk\u0142adek ba\u0107 si\u0119 nie powinni\u015bmy, co wi\u0119cej, daj\u0105 nam wi\u0119cej, ni\u017c mog\u0142oby si\u0119 wydawa\u0107, nie tylko w materialnym wymiarze!<br \/>\nPrzecie\u017c m.in. dzi\u0119ki sk\u0142adkom, mo\u017cemy wsp\u00f3lnie dzia\u0142a\u0107, rozwijaj\u0105c si\u0119 i spe\u0142niaj\u0105c nasze marzenia na harcerskiej \u015bcie\u017cce<\/p>\n<p><strong>Wszystkie sk\u0142adki cz\u0142onkowskie nale\u017cy przekazywa\u0107 na konto hufca, za po\u015brednictwem przelewu bankowego.<\/strong><\/p>\n<p><strong>Numer konta bankowego: mBank 04 1140 1010 0000 4788 0700 1001<\/strong><\/p>\n<p><code>\u00a0<\/code><code><\/code><\/p>\n","protected":false},"excerpt":{"rendered":"<p>Jednym z obowi\u0105zk\u00f3w cz\u0142onkowskich w Zwi\u0105zku Harcerstwa Polskiego jest op\u0142acanie sk\u0142adek cz\u0142onkowskich? Jednak nie s\u0105 one tak straszne, jak mog\u0142oby<\/p>\n","protected":false},"author":1,"featured_media":0,"parent":0,"menu_order":0,"comment_status":"closed","ping_status":"closed","template":"","meta":{"footnotes":""},"class_list":["post-420","page","type-page","status-publish","hentry"],"_links":{"self":[{"href":"https:\/\/chorzow.zhp.pl\/index.php?rest_route=\/wp\/v2\/pages\/420","targetHints":{"allow":["GET"]}}],"collection":[{"href":"https:\/\/chorzow.zhp.pl\/index.php?rest_route=\/wp\/v2\/pages"}],"about":[{"href":"https:\/\/chorzow.zhp.pl\/index.php?rest_route=\/wp\/v2\/types\/page"}],"author":[{"embeddable":true,"href":"https:\/\/chorzow.zhp.pl\/index.php?rest_route=\/wp\/v2\/users\/1"}],"replies":[{"embeddable":true,"href":"https:\/\/chorzow.zhp.pl\/index.php?rest_route=%2Fwp%2Fv2%2Fcomments&post=420"}],"version-history":[{"count":13,"href":"https:\/\/chorzow.zhp.pl\/index.php?rest_route=\/wp\/v2\/pages\/420\/revisions"}],"predecessor-version":[{"id":3328,"href":"https:\/\/chorzow.zhp.pl\/index.php?rest_route=\/wp\/v2\/pages\/420\/revisions\/3328"}],"wp:attachment":[{"href":"https:\/\/chorzow.zhp.pl\/index.php?rest_route=%2Fwp%2Fv2%2Fmedia&parent=420"}],"curies":[{"name":"wp","href":"https:\/\/api.w.org\/{rel}","templated":true}]}}