{"id":428,"date":"2016-01-12T22:55:23","date_gmt":"2016-01-12T21:55:23","guid":{"rendered":"http:\/\/chorzow.zhp.pl\/?page_id=428"},"modified":"2016-01-12T23:23:37","modified_gmt":"2016-01-12T22:23:37","slug":"informacje","status":"publish","type":"page","link":"https:\/\/chorzow.zhp.pl\/?page_id=428","title":{"rendered":"Informacje dla rodzic\u00f3w"},"content":{"rendered":"<h3>Co proponuje harcerstwo dla rozwoju dziecka?<\/h3>\n<p>Potrzeby dziecka zmieniaj\u0105 si\u0119 wraz z jego rozwojem psychofizycznym. Instruktorzy harcerstwa wiedz\u0105 o tym doskonale, dlatego prowadz\u0105c gromad\u0119 zuchow\u0105 lub dru\u017cyn\u0119 harcersk\u0105, stosuj\u0105 odpowiednie dzia\u0142ania dydaktyczne. Jednym z element\u00f3w harcerskiej metody wychowawczej jest nauka poprzez dzia\u0142anie. Dlatego na zbi\u00f3rkach zuchowych dzieci poznaj\u0105 \u015bwiat bawi\u0105c si\u0119 w co\u015b lub kogo\u015b, harcerze ucz\u0105 si\u0119 poprzez uczestnictwo w grach, harcerze starsi \u2013 realizacj\u0119 projekt\u00f3w, a w\u0119drownicy dzi\u0119ki s\u0142u\u017cbie i pokonywaniu w\u0142asnych s\u0142abo\u015bci.<\/p>\n<h3>Czym r\u00f3\u017cni si\u0119 harcerstwo od innych zaj\u0119\u0107 dodatkowych?<\/h3>\n<p>Harcerstwo, to przede wszystkim r\u00f3\u017cnorodno\u015b\u0107. Ka\u017cdy cz\u0142owiek, niezale\u017cnie od tego, jakie ma talenty i predyspozycje, mo\u017ce zosta\u0107 cz\u0142onkiem ZHP. Tutaj liczy si\u0119 przede wszystkim ch\u0119\u0107 wsp\u00f3\u0142pracy. Harcerstwo uczy dzia\u0142ania w zespole, a jednocze\u015bnie stawia na indywidualno\u015b\u0107. Niezale\u017cnie od tego, czy zuch lub harcerz jest uzdolniony plastycznie, muzycznie, matematycznie lub aspiruje do bycia sportowcem, w ZHP zawsze znajdzie co\u015b dla siebie. Tym samym harcerstwo potrafi po\u0142\u0105czy\u0107 wszystko co oferuj\u0105 inne zaj\u0119cia dodatkowe, a jednocze\u015bnie przedstawi\u0107 to w du\u017co atrakcyjniejszy spos\u00f3b.<\/p>\n<h3>Jak wygl\u0105daj\u0105 zaj\u0119cia na biwakach, obozach harcerskich i czym wyr\u00f3\u017cniaj\u0105 si\u0119 od innych kolonii?<\/h3>\n<p>Biwaki i obozy harcerskie, to wyjazdy pe\u0142ne wra\u017ce\u0144, dostarczaj\u0105ce dzieciom du\u017cej ilo\u015bci zabawy i atrakcji. Jednocze\u015bnie instruktorzy harcerscy pami\u0119taj\u0105 o realizacji g\u0142\u00f3wnej zasady \u2013 nauki poprzez dzia\u0142anie. To czas, w kt\u00f3rym dzieci staj\u0105 si\u0119 bardziej samodzielne i zaradne. Ka\u017cdy dzie\u0144 na biwaku lub obozie jest dobrze zaplanowany i przygotowany zgodnie z predyspozycjami i wiekiem uczestnik\u00f3w. Instruktorzy pracuj\u0105 z nimi przez ca\u0142y rok, w zwi\u0105zku z czym dobrze znaj\u0105 ich potrzeby. To zaleta rzadko spotykana w\u015br\u00f3d innych organizator\u00f3w wypoczynku.<\/p>\n<h3>Kim s\u0105 instruktorzy ZHP?<\/h3>\n<p>Instruktor ZHP to osoba, kt\u00f3ra d\u0105\u017c\u0105c do zdobycia tej funkcji, sama musi przej\u015b\u0107 przez d\u0142ug\u0105 \u015bcie\u017ck\u0119 edukacji i wyzwa\u0144. Zdobywaj\u0105c do\u015bwiadczenia, uczestnicz\u0105c w kursach, warsztatach, pokonuj\u0105c w\u0142asne s\u0142abo\u015bci,\u00a0taka osoba\u00a0uczy si\u0119, jak dobrze wychowywa\u0107 i uczy\u0107 przysz\u0142e pokolenia harcerzy. To dzi\u0119ki instruktorom ZHP Wasze dzieci w przysz\u0142o\u015bci zostan\u0105 zaradnymi i dobrze wykszta\u0142conymi pracownikami, kierownikami, lud\u017ami pe\u0142nymi pasji, posiadaj\u0105cymi w\u0142asne rodziny i dobre perspektywy.<\/p>\n<h3>Co zuch\/harcerz powinien posiada\u0107 i co jest konieczne, aby nale\u017ca\u0142 do gromady\/dru\u017cyny?<\/h3>\n<p>Przede wszystkim zuch\/harcerz ju\u017c od pierwszej zbi\u00f3rki musi posiada\u0107 zgod\u0119 rodzic\u00f3w lub opiekun\u00f3w prawnych na przynale\u017cno\u015b\u0107 do gromady\/dru\u017cyny. W dalszej kolejno\u015bci, w ci\u0105gu najbli\u017cszych 6 miesi\u0119cy, powinien skompletowa\u0107 mundur, kt\u00f3ry jest najwa\u017cniejszym atrybutem cz\u0142onka ZHP. Ponadto obowi\u0105zkiem ka\u017cdego cz\u0142onka ZHP jest op\u0142acanie sk\u0142adek.<\/p>\n<h3>Jak znale\u017a\u0107 najbli\u017csz\u0105 gromad\u0119 lub dru\u017cyn\u0119?<\/h3>\n<p>Nale\u017cy wej\u015b\u0107 w zak\u0142adk\u0119\u00a0 &#8222;Namiestnictwa&#8221;, kt\u00f3ra znajduje si\u0119 w g\u00f3rnym menu i wybra\u0107 w\u0142a\u015bciwe ze wzgl\u0119du na wiek dziecka &#8211; zuchowe, dla dzieci z klas 1 &#8211; 3 szko\u0142y podstawowej, harcerskie dla dzieci powy\u017cej 3 klasy szko\u0142y podstawowej.<\/p>\n","protected":false},"excerpt":{"rendered":"<p>Co proponuje harcerstwo dla rozwoju dziecka? Potrzeby dziecka zmieniaj\u0105 si\u0119 wraz z jego rozwojem psychofizycznym. Instruktorzy harcerstwa wiedz\u0105 o tym<\/p>\n","protected":false},"author":1,"featured_media":0,"parent":0,"menu_order":0,"comment_status":"closed","ping_status":"closed","template":"","meta":{"footnotes":""},"class_list":["post-428","page","type-page","status-publish","hentry"],"_links":{"self":[{"href":"https:\/\/chorzow.zhp.pl\/index.php?rest_route=\/wp\/v2\/pages\/428","targetHints":{"allow":["GET"]}}],"collection":[{"href":"https:\/\/chorzow.zhp.pl\/index.php?rest_route=\/wp\/v2\/pages"}],"about":[{"href":"https:\/\/chorzow.zhp.pl\/index.php?rest_route=\/wp\/v2\/types\/page"}],"author":[{"embeddable":true,"href":"https:\/\/chorzow.zhp.pl\/index.php?rest_route=\/wp\/v2\/users\/1"}],"replies":[{"embeddable":true,"href":"https:\/\/chorzow.zhp.pl\/index.php?rest_route=%2Fwp%2Fv2%2Fcomments&post=428"}],"version-history":[{"count":5,"href":"https:\/\/chorzow.zhp.pl\/index.php?rest_route=\/wp\/v2\/pages\/428\/revisions"}],"predecessor-version":[{"id":441,"href":"https:\/\/chorzow.zhp.pl\/index.php?rest_route=\/wp\/v2\/pages\/428\/revisions\/441"}],"wp:attachment":[{"href":"https:\/\/chorzow.zhp.pl\/index.php?rest_route=%2Fwp%2Fv2%2Fmedia&parent=428"}],"curies":[{"name":"wp","href":"https:\/\/api.w.org\/{rel}","templated":true}]}}