{"id":46,"date":"2015-11-06T11:00:23","date_gmt":"2015-11-06T10:00:23","guid":{"rendered":"http:\/\/chorzow.zhp.pl\/?page_id=46"},"modified":"2025-12-28T17:25:54","modified_gmt":"2025-12-28T16:25:54","slug":"namiestnictwo-zuchowe-bractwo-starego-debu","status":"publish","type":"page","link":"https:\/\/chorzow.zhp.pl\/?page_id=46","title":{"rendered":"Namiestnictwo Zuchowe &#8222;Brygada \u015al\u0105skich Bajtli&#8221;"},"content":{"rendered":"\n<figure class=\"wp-block-image aligncenter size-large is-resized\"><img loading=\"lazy\" decoding=\"async\" width=\"976\" height=\"780\" src=\"https:\/\/chorzow.zhp.pl\/wp-content\/uploads\/2021\/11\/Zuszki.png\" alt=\"\" class=\"wp-image-2755\" style=\"width:244px;height:195px\" srcset=\"https:\/\/chorzow.zhp.pl\/wp-content\/uploads\/2021\/11\/Zuszki.png 976w, https:\/\/chorzow.zhp.pl\/wp-content\/uploads\/2021\/11\/Zuszki-300x240.png 300w, https:\/\/chorzow.zhp.pl\/wp-content\/uploads\/2021\/11\/Zuszki-768x614.png 768w\" sizes=\"auto, (max-width: 976px) 100vw, 976px\" \/><\/figure>\n\n\n<p style=\"text-align: center;\"><span class=\"wp-svg-quill quill\"><\/span>\u00a0 <strong>Namiestnictwo Zuchowe &#8222;Brygada \u015al\u0105skich Bajtli&#8221; &#8211; uczestnicy w wieku 7-10 lat<\/strong><br \/><span class=\"wp-svg-user-3 user-3\"><\/span><strong>\u00a0 Namiestniczka:<\/strong> pwd. Paulina PIETRZY\u0143SKA<br \/><span class=\"wp-svg-envelop envelop\"><\/span>\u00a0 paulina.pietrzynska@zhp.net.pl<br \/><span class=\"wp-svg-facebook-2 facebook-2\"><\/span> \u00a0<a href=\"https:\/\/www.facebook.com\/Namiestnictwo-Zuchowe-Brygada-%C5%9Al%C4%85skich-Bajtli-Hufca-ZHP-Chorz%C3%B3w-107966990662249\/\">STONA NAMIESTNICTWA<\/a><\/p>\n\n\n<h5 class=\"wp-block-heading\"><strong>Jednostki:<\/strong><\/h5>\n\n\n\n<div class=\"wp-block-media-text alignwide\" style=\"grid-template-columns:21% auto\"><figure class=\"wp-block-media-text__media\"><img loading=\"lazy\" decoding=\"async\" width=\"1000\" height=\"1000\" src=\"https:\/\/chorzow.zhp.pl\/wp-content\/uploads\/2024\/11\/logo-3-chgz.png\" alt=\"\" class=\"wp-image-3151 size-full\" srcset=\"https:\/\/chorzow.zhp.pl\/wp-content\/uploads\/2024\/11\/logo-3-chgz.png 1000w, https:\/\/chorzow.zhp.pl\/wp-content\/uploads\/2024\/11\/logo-3-chgz-300x300.png 300w, https:\/\/chorzow.zhp.pl\/wp-content\/uploads\/2024\/11\/logo-3-chgz-150x150.png 150w, https:\/\/chorzow.zhp.pl\/wp-content\/uploads\/2024\/11\/logo-3-chgz-768x768.png 768w\" sizes=\"auto, (max-width: 1000px) 100vw, 1000px\" \/><\/figure><div class=\"wp-block-media-text__content\">\n<p><strong>3 Chorzowska Gromada Zuchowa &#8222;Obro\u0144cy Zielonej Planety&#8221;<\/strong><\/p>\n\n\n\n<p><span class=\"wp-svg-user-3 user-3\"><\/span>\u00a0 <strong>Dru\u017cynowa:<\/strong> pwd. Marta SKIBA<br \/><span class=\"wp-svg-calendar calendar\"><\/span>\u00a0 <strong>Dzie\u0144 i godzina zbi\u00f3rek:<\/strong> pi\u0105tek 15:00 &#8211; 17:00<br \/><span class=\"wp-svg-location location\"><\/span>\u00a0 <strong>Miejsce zbi\u00f3rek:<\/strong> SP nr 18 w Chorzowie, ul. Czempiela 52<br \/><span class=\"wp-svg-facebook-2 facebook-2\"><\/span> <a href=\"https:\/\/www.facebook.com\/3-ChGZ-Obro%C5%84cy-Zielonej-Planety-104746074723379\">FACEBOOK<\/a><\/p>\n<\/div><\/div>\n\n\n\n<p><\/p>\n\n\n\n<div class=\"wp-block-media-text alignwide\" style=\"grid-template-columns:19% auto\"><figure class=\"wp-block-media-text__media\"><img loading=\"lazy\" decoding=\"async\" width=\"500\" height=\"500\" src=\"https:\/\/chorzow.zhp.pl\/wp-content\/uploads\/2024\/02\/311305743_398363379178273_7088911033677825940_n.png\" alt=\"\" class=\"wp-image-2970 size-full\" srcset=\"https:\/\/chorzow.zhp.pl\/wp-content\/uploads\/2024\/02\/311305743_398363379178273_7088911033677825940_n.png 500w, https:\/\/chorzow.zhp.pl\/wp-content\/uploads\/2024\/02\/311305743_398363379178273_7088911033677825940_n-300x300.png 300w, https:\/\/chorzow.zhp.pl\/wp-content\/uploads\/2024\/02\/311305743_398363379178273_7088911033677825940_n-150x150.png 150w\" sizes=\"auto, (max-width: 500px) 100vw, 500px\" \/><\/figure><div class=\"wp-block-media-text__content\">\n<p><strong>5 Chorzowska Gromada Zuchowa &#8222;Smoczy Wojownicy&#8221;<\/strong><\/p>\n\n\n\n<p><span class=\"wp-svg-user-3 user-3\"><\/span>\u00a0 <strong>Dru\u017cynowa:<\/strong> pwd. Daria SZENTAK<br \/><span class=\"wp-svg-calendar calendar\"><\/span>\u00a0 <strong>Dzie\u0144 i godzina zbi\u00f3rek:<\/strong> czwartek 16:30 &#8211; 18:00<br \/><span class=\"wp-svg-location location\"><\/span>\u00a0 <strong>Miejsce zbi\u00f3rek:<\/strong> SP nr 17 w Chorzowie, ul. \u0141agiewnicka 18<br \/><span class=\"wp-svg-facebook-2 facebook-2\"><\/span> <a href=\"https:\/\/www.facebook.com\/3-ChGZ-Obro%C5%84cy-Zielonej-Planety-104746074723379\">FACEBOOK<\/a><\/p>\n<\/div><\/div>\n\n\n\n<p><\/p>\n\n\n\n<div class=\"wp-block-media-text alignwide\" style=\"grid-template-columns:19% auto\"><figure class=\"wp-block-media-text__media\"><img loading=\"lazy\" decoding=\"async\" width=\"720\" height=\"720\" src=\"https:\/\/chorzow.zhp.pl\/wp-content\/uploads\/2020\/01\/13-ChGZ.png\" alt=\"\" class=\"wp-image-2032 size-full\" srcset=\"https:\/\/chorzow.zhp.pl\/wp-content\/uploads\/2020\/01\/13-ChGZ.png 720w, https:\/\/chorzow.zhp.pl\/wp-content\/uploads\/2020\/01\/13-ChGZ-300x300.png 300w, https:\/\/chorzow.zhp.pl\/wp-content\/uploads\/2020\/01\/13-ChGZ-150x150.png 150w, https:\/\/chorzow.zhp.pl\/wp-content\/uploads\/2020\/01\/13-ChGZ-250x250.png 250w, https:\/\/chorzow.zhp.pl\/wp-content\/uploads\/2020\/01\/13-ChGZ-125x125.png 125w, https:\/\/chorzow.zhp.pl\/wp-content\/uploads\/2020\/01\/13-ChGZ-110x110.png 110w, https:\/\/chorzow.zhp.pl\/wp-content\/uploads\/2020\/01\/13-ChGZ-420x420.png 420w, https:\/\/chorzow.zhp.pl\/wp-content\/uploads\/2020\/01\/13-ChGZ-430x430.png 430w\" sizes=\"auto, (max-width: 720px) 100vw, 720px\" \/><\/figure><div class=\"wp-block-media-text__content\">\n<p><strong>13 Chorzowska Gromada Zuchowa &#8222;Wilczki Wschodz\u0105cego S\u0142o\u0144ca&#8221;<\/strong><\/p>\n\n\n\n<p><span class=\"wp-svg-user-3 user-3\"><\/span>\u00a0 <strong>Dru\u017cynowa: pwd<\/strong>. Paulina STAWINOGA<br \/><span class=\"wp-svg-calendar calendar\"><\/span>\u00a0 <strong>Dzie\u0144 i godzina zbi\u00f3rek: <\/strong>poniedzia\u0142ek 16:00 &#8211; 17:30<br \/><span class=\"wp-svg-location location\"><\/span>\u00a0 <strong>Miejsce zbi\u00f3rek:<\/strong> SP nr 12 w Chorzowie, ul. Skrajna 2<br \/><span class=\"wp-svg-facebook-2 facebook-2\"><\/span>\u00a0\u00a0 <a href=\"https:\/\/www.facebook.com\/13ChGZ\/\">FACEBOOK<\/a><\/p>\n<\/div><\/div>\n\n\n\n<p><\/p>\n\n\n\n<div class=\"wp-block-media-text alignwide\" style=\"grid-template-columns:19% auto\"><figure class=\"wp-block-media-text__media\"><img loading=\"lazy\" decoding=\"async\" width=\"972\" height=\"970\" src=\"https:\/\/chorzow.zhp.pl\/wp-content\/uploads\/2024\/02\/329215645_3440317409622562_8182909461068493844_n.png\" alt=\"\" class=\"wp-image-2971 size-full\" srcset=\"https:\/\/chorzow.zhp.pl\/wp-content\/uploads\/2024\/02\/329215645_3440317409622562_8182909461068493844_n.png 972w, https:\/\/chorzow.zhp.pl\/wp-content\/uploads\/2024\/02\/329215645_3440317409622562_8182909461068493844_n-300x300.png 300w, https:\/\/chorzow.zhp.pl\/wp-content\/uploads\/2024\/02\/329215645_3440317409622562_8182909461068493844_n-150x150.png 150w, https:\/\/chorzow.zhp.pl\/wp-content\/uploads\/2024\/02\/329215645_3440317409622562_8182909461068493844_n-768x766.png 768w\" sizes=\"auto, (max-width: 972px) 100vw, 972px\" \/><\/figure><div class=\"wp-block-media-text__content\">\n<p><strong>24 Chorzowska Gromada Zuchowa &#8222;Le\u015bne Skrzaty&#8221;<\/strong><\/p>\n\n\n\n<p><span class=\"wp-svg-user-3 user-3\"><\/span>\u00a0 <strong>Dru\u017cynowa:\u00a0<\/strong>dh. Nicole MIKO\u0141AJCZYK<br \/><span class=\"wp-svg-calendar calendar\"><\/span>\u00a0 <strong>Dzie\u0144 i godzina zbi\u00f3rek: <\/strong>wtorek 15:30 &#8211; 17:00<br \/><span class=\"wp-svg-location location\"><\/span>\u00a0 <strong>Miejsce zbi\u00f3rek:<\/strong> SP nr 39 w Chorzowie, ul. 11 Listopada 21<br \/><span class=\"wp-svg-facebook-2 facebook-2\"><\/span>\u00a0 <a href=\"https:\/\/www.facebook.com\/profile.php?id=100090605190974\">FACEBOOK<\/a><\/p>\n<\/div><\/div>\n\n\n\n<p><\/p>\n\n\n\n<div class=\"wp-block-media-text alignwide\" style=\"grid-template-columns:19% auto\"><figure class=\"wp-block-media-text__media\"><img loading=\"lazy\" decoding=\"async\" width=\"576\" height=\"568\" src=\"https:\/\/chorzow.zhp.pl\/wp-content\/uploads\/2020\/01\/33-CHGZ.png\" alt=\"\" class=\"wp-image-2038 size-full\" srcset=\"https:\/\/chorzow.zhp.pl\/wp-content\/uploads\/2020\/01\/33-CHGZ.png 576w, https:\/\/chorzow.zhp.pl\/wp-content\/uploads\/2020\/01\/33-CHGZ-300x296.png 300w, https:\/\/chorzow.zhp.pl\/wp-content\/uploads\/2020\/01\/33-CHGZ-110x108.png 110w, https:\/\/chorzow.zhp.pl\/wp-content\/uploads\/2020\/01\/33-CHGZ-420x414.png 420w, https:\/\/chorzow.zhp.pl\/wp-content\/uploads\/2020\/01\/33-CHGZ-436x430.png 436w\" sizes=\"auto, (max-width: 576px) 100vw, 576px\" \/><\/figure><div class=\"wp-block-media-text__content\">\n<p><strong>33 Chorzowska Gromada Zuchowa &#8222;Mieszka\u0144cy Stumilowego Lasu&#8221;<\/strong><\/p>\n\n\n\n<p><span class=\"wp-svg-user-3 user-3\"><\/span>\u00a0 <strong>Dru\u017cynowa: <\/strong>phm. Paulina Pietrzy\u0144ska<br \/><span class=\"wp-svg-calendar calendar\"><\/span>\u00a0 <strong>Dzie\u0144 i godzina zbi\u00f3rek: <\/strong>wkr\u00f3tce\u00a0<br \/><span class=\"wp-svg-location location\"><\/span>\u00a0 <strong>Miejsce zbi\u00f3rek:<\/strong> SP nr 32 w Chorzowie, ul. Kaliny 61<br \/><span class=\"wp-svg-facebook-2 facebook-2\"><\/span>\u00a0\u00a0 <a href=\"https:\/\/www.facebook.com\/33chgz\/\">FACEBOOK<\/a><\/p>\n<\/div><\/div>\n\n\n\n<p><\/p>\n\n\n\n<div class=\"wp-block-media-text alignwide\" style=\"grid-template-columns:19% auto\"><figure class=\"wp-block-media-text__media\"><img loading=\"lazy\" decoding=\"async\" width=\"650\" height=\"650\" src=\"https:\/\/chorzow.zhp.pl\/wp-content\/uploads\/2020\/01\/52-ChgZ.png\" alt=\"\" class=\"wp-image-2047 size-full\" srcset=\"https:\/\/chorzow.zhp.pl\/wp-content\/uploads\/2020\/01\/52-ChgZ.png 650w, https:\/\/chorzow.zhp.pl\/wp-content\/uploads\/2020\/01\/52-ChgZ-300x300.png 300w, https:\/\/chorzow.zhp.pl\/wp-content\/uploads\/2020\/01\/52-ChgZ-150x150.png 150w, https:\/\/chorzow.zhp.pl\/wp-content\/uploads\/2020\/01\/52-ChgZ-250x250.png 250w, https:\/\/chorzow.zhp.pl\/wp-content\/uploads\/2020\/01\/52-ChgZ-125x125.png 125w, https:\/\/chorzow.zhp.pl\/wp-content\/uploads\/2020\/01\/52-ChgZ-110x110.png 110w, https:\/\/chorzow.zhp.pl\/wp-content\/uploads\/2020\/01\/52-ChgZ-420x420.png 420w, https:\/\/chorzow.zhp.pl\/wp-content\/uploads\/2020\/01\/52-ChgZ-430x430.png 430w\" sizes=\"auto, (max-width: 650px) 100vw, 650px\" \/><\/figure><div class=\"wp-block-media-text__content\">\n<p><strong>52 Chorzowska Gromada Zuchowa &#8222;Morskie Elfy&#8221;<\/strong><\/p>\n\n\n\n<p><span class=\"wp-svg-user-3 user-3\"><\/span>\u00a0 <strong>Dru\u017cynowa: <\/strong>pwd. Sandra BAGNIAK<br \/><span class=\"wp-svg-calendar calendar\"><\/span>\u00a0 <strong>Dzie\u0144 i godzina zbi\u00f3rek: <\/strong>czwartek 17:30 &#8211; 19:00<br \/><span class=\"wp-svg-location location\"><\/span>\u00a0 <strong>Miejsce zbi\u00f3rek:<\/strong> SP nr 1 w Chorzowie, ul. D\u0105browskiego 41<br \/><span class=\"wp-svg-facebook-2 facebook-2\"><\/span>\u00a0\u00a0 <a href=\"https:\/\/www.facebook.com\/52chgz\/\">FACEBOOK<\/a><\/p>\n<\/div><\/div>\n","protected":false},"excerpt":{"rendered":"<p>\u00a0 Namiestnictwo Zuchowe &#8222;Brygada \u015al\u0105skich Bajtli&#8221; &#8211; uczestnicy w wieku 7-10 lat\u00a0 Namiestniczka: pwd. Paulina PIETRZY\u0143SKA\u00a0 paulina.pietrzynska@zhp.net.pl \u00a0STONA NAMIESTNICTWA Jednostki:<\/p>\n","protected":false},"author":1,"featured_media":0,"parent":0,"menu_order":0,"comment_status":"closed","ping_status":"closed","template":"","meta":{"footnotes":""},"class_list":["post-46","page","type-page","status-publish","hentry"],"_links":{"self":[{"href":"https:\/\/chorzow.zhp.pl\/index.php?rest_route=\/wp\/v2\/pages\/46","targetHints":{"allow":["GET"]}}],"collection":[{"href":"https:\/\/chorzow.zhp.pl\/index.php?rest_route=\/wp\/v2\/pages"}],"about":[{"href":"https:\/\/chorzow.zhp.pl\/index.php?rest_route=\/wp\/v2\/types\/page"}],"author":[{"embeddable":true,"href":"https:\/\/chorzow.zhp.pl\/index.php?rest_route=\/wp\/v2\/users\/1"}],"replies":[{"embeddable":true,"href":"https:\/\/chorzow.zhp.pl\/index.php?rest_route=%2Fwp%2Fv2%2Fcomments&post=46"}],"version-history":[{"count":70,"href":"https:\/\/chorzow.zhp.pl\/index.php?rest_route=\/wp\/v2\/pages\/46\/revisions"}],"predecessor-version":[{"id":3327,"href":"https:\/\/chorzow.zhp.pl\/index.php?rest_route=\/wp\/v2\/pages\/46\/revisions\/3327"}],"wp:attachment":[{"href":"https:\/\/chorzow.zhp.pl\/index.php?rest_route=%2Fwp%2Fv2%2Fmedia&parent=46"}],"curies":[{"name":"wp","href":"https:\/\/api.w.org\/{rel}","templated":true}]}}