{"id":479,"date":"2016-01-20T23:29:18","date_gmt":"2016-01-20T22:29:18","guid":{"rendered":"http:\/\/chorzow.zhp.pl\/?page_id=479"},"modified":"2021-02-19T13:12:57","modified_gmt":"2021-02-19T12:12:57","slug":"gdzie-mozna-kupic-mundur","status":"publish","type":"page","link":"https:\/\/chorzow.zhp.pl\/?page_id=479","title":{"rendered":"Gdzie kupi\u0107 mundur?"},"content":{"rendered":"\n<div class=\"wp-block-columns is-layout-flex wp-container-core-columns-is-layout-28f84493 wp-block-columns-is-layout-flex\">\n<div class=\"wp-block-column is-layout-flow wp-block-column-is-layout-flow\">\n<h6><strong>Zakup osobisty<\/strong><\/h6>\n<p style=\"padding-left: 40px;\"><span class=\"wp-svg-location location\"><\/span>\u00a0 Sklep &#8222;Pentagon&#8221;<br \/>\u00a0\u00a0\u00a0\u00a0\u00a0\u00a0 ul. M\u0142y\u0144ska 17, 40-098\u00a0\u00a0 Katowice<br \/><span class=\"wp-svg-globe globe\"><\/span> \u00a0<a href=\"https:\/\/pentagon.pl\/\">https:\/\/pentagon.pl\/<\/a><\/p>\n<\/div>\n\n\n\n<div class=\"wp-block-column is-layout-flow wp-block-column-is-layout-flow\">\n<iframe loading=\"lazy\" src=\"https:\/\/www.google.com\/maps\/embed?pb=!1m18!1m12!1m3!1d2550.771523412191!2d19.016586215724427!3d50.25885137944935!2m3!1f0!2f0!3f0!3m2!1i1024!2i768!4f13.1!3m3!1m2!1s0x4716ce3809b7bbe5%3A0xdf19276705acf4c6!2sPentagon!5e0!3m2!1spl!2spl!4v1579378519381!5m2!1spl!2spl\" style=\"border:0;\" allowfullscreen=\"\" width=\"300\" height=\"300\" frameborder=\"0\"><\/iframe>\n<\/div>\n<\/div>\n\n\n\n<hr class=\"wp-block-separator\"\/>\n\n\n<h6><strong>Sklepy internetowe<\/strong><\/h6>\n<p style=\"padding-left: 40px;\"><span class=\"wp-svg-arrow-right-3 arrow-right-3\"><\/span>\u00a0 Sk\u0142adnica 4 \u017bywio\u0142y &#8211; <a href=\"https:\/\/skladnica.4zywioly.pl\/\">https:\/\/skladnica.4zywioly.pl\/<\/a><br \/><span class=\"wp-svg-arrow-right-3 arrow-right-3\"><\/span>\u00a0 Sklep Woda G\u00f3ry Las &#8211; <a href=\"https:\/\/www.wgl.pl\/\">https:\/\/www.wgl.pl\/<\/a><br \/><span class=\"wp-svg-arrow-right-3 arrow-right-3\"><\/span>\u00a0 Sklep Squadnica &#8211; <a href=\"https:\/\/sqadnica.pl\/\">https:\/\/sqadnica.pl\/<br \/><\/a><span class=\"wp-svg-arrow-right-3 arrow-right-3\"><\/span>\u00a0 Sk\u0142adnica Watra &#8211; <a href=\"http:\/\/sklepharcerski.pl\/\">http:\/\/sklepharcerski.pl\/<\/a><\/p>","protected":false},"excerpt":{"rendered":"<p>Zakup osobisty \u00a0 Sklep &#8222;Pentagon&#8221;\u00a0\u00a0\u00a0\u00a0\u00a0\u00a0 ul. M\u0142y\u0144ska 17, 40-098\u00a0\u00a0 Katowice \u00a0https:\/\/pentagon.pl\/ Sklepy internetowe \u00a0 Sk\u0142adnica 4 \u017bywio\u0142y &#8211; https:\/\/skladnica.4zywioly.pl\/\u00a0 Sklep<\/p>\n","protected":false},"author":1,"featured_media":0,"parent":0,"menu_order":0,"comment_status":"closed","ping_status":"closed","template":"","meta":{"footnotes":""},"class_list":["post-479","page","type-page","status-publish","hentry"],"_links":{"self":[{"href":"https:\/\/chorzow.zhp.pl\/index.php?rest_route=\/wp\/v2\/pages\/479","targetHints":{"allow":["GET"]}}],"collection":[{"href":"https:\/\/chorzow.zhp.pl\/index.php?rest_route=\/wp\/v2\/pages"}],"about":[{"href":"https:\/\/chorzow.zhp.pl\/index.php?rest_route=\/wp\/v2\/types\/page"}],"author":[{"embeddable":true,"href":"https:\/\/chorzow.zhp.pl\/index.php?rest_route=\/wp\/v2\/users\/1"}],"replies":[{"embeddable":true,"href":"https:\/\/chorzow.zhp.pl\/index.php?rest_route=%2Fwp%2Fv2%2Fcomments&post=479"}],"version-history":[{"count":11,"href":"https:\/\/chorzow.zhp.pl\/index.php?rest_route=\/wp\/v2\/pages\/479\/revisions"}],"predecessor-version":[{"id":2665,"href":"https:\/\/chorzow.zhp.pl\/index.php?rest_route=\/wp\/v2\/pages\/479\/revisions\/2665"}],"wp:attachment":[{"href":"https:\/\/chorzow.zhp.pl\/index.php?rest_route=%2Fwp%2Fv2%2Fmedia&parent=479"}],"curies":[{"name":"wp","href":"https:\/\/api.w.org\/{rel}","templated":true}]}}