{"id":48,"date":"2015-11-06T11:00:59","date_gmt":"2015-11-06T10:00:59","guid":{"rendered":"http:\/\/chorzow.zhp.pl\/?page_id=48"},"modified":"2025-12-28T17:25:08","modified_gmt":"2025-12-28T16:25:08","slug":"namiestnictwo-harcerskie-gwarki","status":"publish","type":"page","link":"https:\/\/chorzow.zhp.pl\/?page_id=48","title":{"rendered":"Namiestnictwo Harcerskie &#8222;Gwarki&#8221;"},"content":{"rendered":"\n<figure class=\"wp-block-image aligncenter size-large is-resized\"><img loading=\"lazy\" decoding=\"async\" width=\"1024\" height=\"1024\" src=\"https:\/\/chorzow.zhp.pl\/wp-content\/uploads\/2020\/01\/Logo-Gwarki-n-1024x1024.png\" alt=\"\" class=\"wp-image-1952\" style=\"width:226px;height:auto\" srcset=\"https:\/\/chorzow.zhp.pl\/wp-content\/uploads\/2020\/01\/Logo-Gwarki-n-1024x1024.png 1024w, https:\/\/chorzow.zhp.pl\/wp-content\/uploads\/2020\/01\/Logo-Gwarki-n-300x300.png 300w, https:\/\/chorzow.zhp.pl\/wp-content\/uploads\/2020\/01\/Logo-Gwarki-n-150x150.png 150w, https:\/\/chorzow.zhp.pl\/wp-content\/uploads\/2020\/01\/Logo-Gwarki-n-768x768.png 768w, https:\/\/chorzow.zhp.pl\/wp-content\/uploads\/2020\/01\/Logo-Gwarki-n-1536x1536.png 1536w, https:\/\/chorzow.zhp.pl\/wp-content\/uploads\/2020\/01\/Logo-Gwarki-n-2048x2048.png 2048w, https:\/\/chorzow.zhp.pl\/wp-content\/uploads\/2020\/01\/Logo-Gwarki-n-250x250.png 250w, https:\/\/chorzow.zhp.pl\/wp-content\/uploads\/2020\/01\/Logo-Gwarki-n-125x125.png 125w, https:\/\/chorzow.zhp.pl\/wp-content\/uploads\/2020\/01\/Logo-Gwarki-n-110x110.png 110w, https:\/\/chorzow.zhp.pl\/wp-content\/uploads\/2020\/01\/Logo-Gwarki-n-420x420.png 420w, https:\/\/chorzow.zhp.pl\/wp-content\/uploads\/2020\/01\/Logo-Gwarki-n-430x430.png 430w\" sizes=\"auto, (max-width: 1024px) 100vw, 1024px\" \/><\/figure>\n\n\n<p style=\"text-align: center;\"><span class=\"wp-svg-quill quill\"><\/span>\u00a0 <strong>Namiestnictwo Harcerskie &#8222;Gwarki&#8221;<\/strong><br \/><span class=\"wp-svg-user-3 user-3\"><\/span><strong>\u00a0 Namiestniczka:<\/strong> phm. Katarzyna PIETRASZEK<br \/><span class=\"wp-svg-envelop envelop\"><\/span>\u00a0 katarzyna.pietraszek@zhp.net.pl<br \/><span class=\"wp-svg-facebook-2 facebook-2\"><\/span>\u00a0 <a href=\"https:\/\/www.facebook.com\/namiestnictwogwarki\/\">STRONA NAMIESTNICTWA<\/a><\/p>\n\n\n<h2 class=\"wp-block-heading\"><strong>Jednostki:<\/strong><\/h2>\n\n\n\n<div class=\"wp-block-media-text alignwide\" style=\"grid-template-columns:25% auto\"><figure class=\"wp-block-media-text__media\"><img loading=\"lazy\" decoding=\"async\" width=\"1024\" height=\"1024\" src=\"https:\/\/chorzow.zhp.pl\/wp-content\/uploads\/2020\/01\/Plakietka-3-KDH-2-1024x1024.png\" alt=\"\" class=\"wp-image-1959 size-full\" srcset=\"https:\/\/chorzow.zhp.pl\/wp-content\/uploads\/2020\/01\/Plakietka-3-KDH-2-1024x1024.png 1024w, https:\/\/chorzow.zhp.pl\/wp-content\/uploads\/2020\/01\/Plakietka-3-KDH-2-300x300.png 300w, https:\/\/chorzow.zhp.pl\/wp-content\/uploads\/2020\/01\/Plakietka-3-KDH-2-150x150.png 150w, https:\/\/chorzow.zhp.pl\/wp-content\/uploads\/2020\/01\/Plakietka-3-KDH-2-768x768.png 768w, https:\/\/chorzow.zhp.pl\/wp-content\/uploads\/2020\/01\/Plakietka-3-KDH-2-250x250.png 250w, https:\/\/chorzow.zhp.pl\/wp-content\/uploads\/2020\/01\/Plakietka-3-KDH-2-125x125.png 125w, https:\/\/chorzow.zhp.pl\/wp-content\/uploads\/2020\/01\/Plakietka-3-KDH-2-110x110.png 110w, https:\/\/chorzow.zhp.pl\/wp-content\/uploads\/2020\/01\/Plakietka-3-KDH-2-420x420.png 420w, https:\/\/chorzow.zhp.pl\/wp-content\/uploads\/2020\/01\/Plakietka-3-KDH-2-430x430.png 430w, https:\/\/chorzow.zhp.pl\/wp-content\/uploads\/2020\/01\/Plakietka-3-KDH-2.png 1200w\" sizes=\"auto, (max-width: 1024px) 100vw, 1024px\" \/><\/figure><div class=\"wp-block-media-text__content\">\n<h6 class=\"wp-block-heading\" style=\"font-style:normal;font-weight:800\"><strong>3 Koedukacyjna Dru\u017cyna Harcerska &#8222;Czarci Jar&#8221;<\/strong><\/h6>\n\n\n\n<p><span class=\"wp-svg-user-3 user-3\"><\/span>\u00a0 <strong>Dru\u017cynowa:<\/strong> pwd. Dominika KAWKA<br \/><span class=\"wp-svg-calendar calendar\"><\/span>\u00a0 <strong>Dzie\u0144 i godzina zbi\u00f3rek:<\/strong> \u015broda 17:00 &#8211; 18:30<br \/><span class=\"wp-svg-location location\"><\/span>\u00a0 <strong>Miejsce zbi\u00f3rek:<\/strong> SP nr 17 w \u015awi\u0119toch\u0142owicach, ul. Armii Ludowej 14 &#8211; uczestnicy 10-13 lat<br \/><span class=\"wp-svg-facebook-2 facebook-2\"><\/span>\u00a0 <a href=\"https:\/\/www.facebook.com\/3KDHCzarciJar\/\">FACEBOOK<\/a><\/p>\n\n\n\n<p><\/p>\n<\/div><\/div>\n\n\n\n<div class=\"wp-block-media-text alignwide\" style=\"grid-template-columns:25% auto\"><figure class=\"wp-block-media-text__media\"><img loading=\"lazy\" decoding=\"async\" width=\"180\" height=\"180\" src=\"https:\/\/chorzow.zhp.pl\/wp-content\/uploads\/2020\/01\/logo-7-dw.png\" alt=\"\" class=\"wp-image-1963 size-full\" srcset=\"https:\/\/chorzow.zhp.pl\/wp-content\/uploads\/2020\/01\/logo-7-dw.png 180w, https:\/\/chorzow.zhp.pl\/wp-content\/uploads\/2020\/01\/logo-7-dw-150x150.png 150w, https:\/\/chorzow.zhp.pl\/wp-content\/uploads\/2020\/01\/logo-7-dw-125x125.png 125w, https:\/\/chorzow.zhp.pl\/wp-content\/uploads\/2020\/01\/logo-7-dw-110x110.png 110w\" sizes=\"auto, (max-width: 180px) 100vw, 180px\" \/><\/figure><div class=\"wp-block-media-text__content\">\n<p><strong>7 Dru\u017cyna W\u0119drownicza &#8222;Cichociemni&#8221;<\/strong><\/p>\n\n\n\n<p><span class=\"wp-svg-user-3 user-3\"><\/span>\u00a0 <strong>Dru\u017cynowa:<\/strong> dh. Agata ADAMCZYK<br \/><span class=\"wp-svg-calendar calendar\"><\/span>\u00a0 <strong>Dzie\u0144 i godzina zbi\u00f3rek:<\/strong> poniedzia\u0142ek 17:00 &#8211; 19:00<br \/><span class=\"wp-svg-location location\"><\/span>\u00a0 <strong>Miejsce zbi\u00f3rek:<\/strong> III LO w Chorzowie, ul. Farna 5-7<br \/><span class=\"wp-svg-facebook-2 facebook-2\"><\/span> FACEBOOK &#8211; uczestnicy 16+ lat<\/p>\n<\/div><\/div>\n\n\n\n<div class=\"wp-block-media-text alignwide\" style=\"grid-template-columns:25% auto\"><figure class=\"wp-block-media-text__media\"><img loading=\"lazy\" decoding=\"async\" width=\"395\" height=\"395\" src=\"https:\/\/chorzow.zhp.pl\/wp-content\/uploads\/2020\/01\/79-KDH2.png\" alt=\"\" class=\"wp-image-1968 size-full\" srcset=\"https:\/\/chorzow.zhp.pl\/wp-content\/uploads\/2020\/01\/79-KDH2.png 395w, https:\/\/chorzow.zhp.pl\/wp-content\/uploads\/2020\/01\/79-KDH2-300x300.png 300w, https:\/\/chorzow.zhp.pl\/wp-content\/uploads\/2020\/01\/79-KDH2-150x150.png 150w, https:\/\/chorzow.zhp.pl\/wp-content\/uploads\/2020\/01\/79-KDH2-250x250.png 250w, https:\/\/chorzow.zhp.pl\/wp-content\/uploads\/2020\/01\/79-KDH2-125x125.png 125w, https:\/\/chorzow.zhp.pl\/wp-content\/uploads\/2020\/01\/79-KDH2-110x110.png 110w\" sizes=\"auto, (max-width: 395px) 100vw, 395px\" \/><\/figure><div class=\"wp-block-media-text__content\">\n<p><strong>79 Koedukacyjna Dru\u017cyna Harcerska &#8222;Carpe Diem&#8221;<\/strong><\/p>\n\n\n\n<p><span class=\"wp-svg-user-3 user-3\"><\/span>\u00a0 <strong>Dru\u017cynowy:<\/strong> HR Patryk GIERA\u0141TOWSKI<br \/><span class=\"wp-svg-calendar calendar\"><\/span>\u00a0 <strong>Dzie\u0144 i godzina zbi\u00f3rek:<\/strong> \u015broda 16:30 &#8211; 18:30<br \/><span class=\"wp-svg-location location\"><\/span>\u00a0 <strong>Miejsce zbi\u00f3rek:<\/strong> SP nr 1 w \u015awi\u0119toch\u0142owicach, ul. Zubrzyckiego 38 &#8211; uczestnicy 10 -13 lat<br \/><span class=\"wp-svg-facebook-2 facebook-2\"><\/span>\u00a0 <a href=\"https:\/\/www.facebook.com\/79KDHCarpeDiem\">FACEBOOK<\/a><\/p>\n<\/div><\/div>\n\n\n\n<div class=\"wp-block-media-text alignwide\" style=\"grid-template-columns:25% auto\"><figure class=\"wp-block-media-text__media\"><img loading=\"lazy\" decoding=\"async\" width=\"500\" height=\"500\" src=\"https:\/\/chorzow.zhp.pl\/wp-content\/uploads\/2020\/01\/81711221_2464720757103401_4374007729472143360_n.png\" alt=\"\" class=\"wp-image-1971 size-full\" srcset=\"https:\/\/chorzow.zhp.pl\/wp-content\/uploads\/2020\/01\/81711221_2464720757103401_4374007729472143360_n.png 500w, https:\/\/chorzow.zhp.pl\/wp-content\/uploads\/2020\/01\/81711221_2464720757103401_4374007729472143360_n-300x300.png 300w, https:\/\/chorzow.zhp.pl\/wp-content\/uploads\/2020\/01\/81711221_2464720757103401_4374007729472143360_n-150x150.png 150w, https:\/\/chorzow.zhp.pl\/wp-content\/uploads\/2020\/01\/81711221_2464720757103401_4374007729472143360_n-250x250.png 250w, https:\/\/chorzow.zhp.pl\/wp-content\/uploads\/2020\/01\/81711221_2464720757103401_4374007729472143360_n-125x125.png 125w, https:\/\/chorzow.zhp.pl\/wp-content\/uploads\/2020\/01\/81711221_2464720757103401_4374007729472143360_n-110x110.png 110w, https:\/\/chorzow.zhp.pl\/wp-content\/uploads\/2020\/01\/81711221_2464720757103401_4374007729472143360_n-420x420.png 420w, https:\/\/chorzow.zhp.pl\/wp-content\/uploads\/2020\/01\/81711221_2464720757103401_4374007729472143360_n-430x430.png 430w\" sizes=\"auto, (max-width: 500px) 100vw, 500px\" \/><\/figure><div class=\"wp-block-media-text__content\">\n<p><strong>110 Koedukacyjna Dru\u017cyna Harcerska &#8222;Szare Szeregi&#8221;<br>im. Tadeusza Zawadzkiego &#8222;Zo\u015bka&#8221;<\/strong><\/p>\n\n\n\n<p><span class=\"wp-svg-user-3 user-3\"><\/span>\u00a0 <strong>Dru\u017cynowa:<\/strong> dh. Magdalena P\u0119tlak<br \/><span class=\"wp-svg-calendar calendar\"><\/span>\u00a0 <strong>Dzie\u0144 i godzina zbi\u00f3rek:<\/strong> poniedzia\u0142ek 16:00 &#8211; 17:30<br \/><span class=\"wp-svg-location location\"><\/span>\u00a0 <strong>Miejsce zbi\u00f3rek:<\/strong> SP nr 18 w Chorzowie, ul. Czempiela 52 &#8211; uczestnicy 10-13 lat<br \/><span class=\"wp-svg-facebook-2 facebook-2\"><\/span> <a href=\"https:\/\/www.facebook.com\/profile.php?id=61552321973600\">FACEBOOK<\/a><\/p>\n<\/div><\/div>\n\n\n\n<div class=\"wp-block-media-text alignwide\" style=\"grid-template-columns:25% auto\"><figure class=\"wp-block-media-text__media\"><img loading=\"lazy\" decoding=\"async\" width=\"500\" height=\"500\" src=\"https:\/\/chorzow.zhp.pl\/wp-content\/uploads\/2024\/02\/314716437_225947603088254_7272482277508124424_n.png\" alt=\"\" class=\"wp-image-2967 size-full\" srcset=\"https:\/\/chorzow.zhp.pl\/wp-content\/uploads\/2024\/02\/314716437_225947603088254_7272482277508124424_n.png 500w, https:\/\/chorzow.zhp.pl\/wp-content\/uploads\/2024\/02\/314716437_225947603088254_7272482277508124424_n-300x300.png 300w, https:\/\/chorzow.zhp.pl\/wp-content\/uploads\/2024\/02\/314716437_225947603088254_7272482277508124424_n-150x150.png 150w\" sizes=\"auto, (max-width: 500px) 100vw, 500px\" \/><\/figure><div class=\"wp-block-media-text__content\">\n<p><strong>115 Koedukacyjna Dru\u017cyna Harcerska &#8222;Atmosfera&#8221;<\/strong><\/p>\n\n\n\n<p><span class=\"wp-svg-user-3 user-3\"><\/span>\u00a0 <strong>Dru\u017cynowa:<\/strong> dh. Anna TARGOWSKA<br \/><span class=\"wp-svg-calendar calendar\"><\/span>\u00a0 <strong>Dzie\u0144 i godzina zbi\u00f3rek:<\/strong> wtorek 17:00 &#8211; 18:30<br \/><span class=\"wp-svg-location location\"><\/span>\u00a0 <strong>Miejsce zbi\u00f3rek:<\/strong> SP nr 15 w Chorzowie, ul. 3 Maja 78 &#8211; uczestnicy 10-13 lat<br \/><span class=\"wp-svg-facebook-2 facebook-2\"><\/span>\u00a0 <a href=\"https:\/\/www.facebook.com\/bialyszkwalchorzow\/\">FACEBOOK<\/a><\/p>\n<\/div><\/div>\n\n\n\n<p><\/p>\n\n\n\n<p><\/p>\n\n\n\n<div class=\"wp-block-media-text is-stacked-on-mobile\" style=\"grid-template-columns:25% auto\"><figure class=\"wp-block-media-text__media\"><img loading=\"lazy\" decoding=\"async\" width=\"500\" height=\"500\" src=\"https:\/\/chorzow.zhp.pl\/wp-content\/uploads\/2024\/01\/Projekt-bez-nazwy-4.png\" alt=\"\" class=\"wp-image-2941 size-full\" srcset=\"https:\/\/chorzow.zhp.pl\/wp-content\/uploads\/2024\/01\/Projekt-bez-nazwy-4.png 500w, https:\/\/chorzow.zhp.pl\/wp-content\/uploads\/2024\/01\/Projekt-bez-nazwy-4-300x300.png 300w, https:\/\/chorzow.zhp.pl\/wp-content\/uploads\/2024\/01\/Projekt-bez-nazwy-4-150x150.png 150w\" sizes=\"auto, (max-width: 500px) 100vw, 500px\" \/><\/figure><div class=\"wp-block-media-text__content\">\n<p><strong>127 Dru\u017cyna Starszoharcerska &#8222;Impeesa&#8221;<\/strong><\/p>\n\n\n\n<p><span class=\"wp-svg-user-3 user-3\"><\/span>\u00a0 <strong>Dru\u017cynowa:<\/strong> pwd. Emilia GO\u015aCI\u0143SKA<br \/><span class=\"wp-svg-calendar calendar\"><\/span>\u00a0 <strong>Dzie\u0144 i godzina zbi\u00f3rek:<\/strong> wtorek 16:30 &#8211; 18:30<br \/><span class=\"wp-svg-location location\"><\/span>\u00a0 <strong>Miejsce zbi\u00f3rek:<\/strong> II LO im. J. Ligonia w Chorzowie, ul. 3 Maja 22 &#8211; uczestnicy 13-16 lat<br \/><span class=\"wp-svg-facebook-2 facebook-2\"><\/span>\u00a0 <a href=\"https:\/\/www.facebook.com\/profile.php?id=100087270992581\" target=\"_blank\" rel=\"noreferrer noopener\">FACEBOOK<\/a><\/p>\n<\/div><\/div>\n\n\n\n<p><\/p>\n\n\n\n<div class=\"wp-block-media-text alignwide\" style=\"grid-template-columns:25% auto\"><figure class=\"wp-block-media-text__media\"><img loading=\"lazy\" decoding=\"async\" width=\"293\" height=\"279\" src=\"https:\/\/chorzow.zhp.pl\/wp-content\/uploads\/2020\/01\/128.png\" alt=\"\" class=\"wp-image-1987 size-full\" srcset=\"https:\/\/chorzow.zhp.pl\/wp-content\/uploads\/2020\/01\/128.png 293w, https:\/\/chorzow.zhp.pl\/wp-content\/uploads\/2020\/01\/128-110x105.png 110w\" sizes=\"auto, (max-width: 293px) 100vw, 293px\" \/><\/figure><div class=\"wp-block-media-text__content\">\n<p><strong>128 Koedukacyjna Dru\u017cyna Harcerska &#8222;Skauci&#8221;<\/strong><\/p>\n\n\n\n<p><span class=\"wp-svg-user-3 user-3\"><\/span>\u00a0 <strong>Dru\u017cynowa:<\/strong> pwd. Konrad HULA<br \/><span class=\"wp-svg-calendar calendar\"><\/span>\u00a0 <strong>Dzie\u0144 i godzina zbi\u00f3rek:<\/strong> \u015broda 16:30 &#8211; 18:00<br \/><span class=\"wp-svg-location location\"><\/span>\u00a0 <strong>Miejsce zbi\u00f3rek:<\/strong> SP nr 17 w Chorzowie, ul. \u0141agiewnicka 18 &#8211; uczestnicy 10-13 lat<br \/><span class=\"wp-svg-facebook-2 facebook-2\"><\/span>\u00a0 <a href=\"https:\/\/www.facebook.com\/128-KDH-Skauci-156682948436226\/\">FACEBOOK<\/a><\/p>\n<\/div><\/div>\n\n\n\n<p><\/p>\n\n\n\n<div class=\"wp-block-media-text alignwide\" style=\"grid-template-columns:25% auto\"><figure class=\"wp-block-media-text__media\"><img loading=\"lazy\" decoding=\"async\" width=\"1024\" height=\"1024\" src=\"https:\/\/chorzow.zhp.pl\/wp-content\/uploads\/2020\/01\/Feniks-1-1024x1024.png\" alt=\"\" class=\"wp-image-1994 size-full\" srcset=\"https:\/\/chorzow.zhp.pl\/wp-content\/uploads\/2020\/01\/Feniks-1-1024x1024.png 1024w, https:\/\/chorzow.zhp.pl\/wp-content\/uploads\/2020\/01\/Feniks-1-300x300.png 300w, https:\/\/chorzow.zhp.pl\/wp-content\/uploads\/2020\/01\/Feniks-1-150x150.png 150w, https:\/\/chorzow.zhp.pl\/wp-content\/uploads\/2020\/01\/Feniks-1-768x768.png 768w, https:\/\/chorzow.zhp.pl\/wp-content\/uploads\/2020\/01\/Feniks-1-1536x1536.png 1536w, https:\/\/chorzow.zhp.pl\/wp-content\/uploads\/2020\/01\/Feniks-1-250x250.png 250w, https:\/\/chorzow.zhp.pl\/wp-content\/uploads\/2020\/01\/Feniks-1-125x125.png 125w, https:\/\/chorzow.zhp.pl\/wp-content\/uploads\/2020\/01\/Feniks-1-110x110.png 110w, https:\/\/chorzow.zhp.pl\/wp-content\/uploads\/2020\/01\/Feniks-1-420x420.png 420w, https:\/\/chorzow.zhp.pl\/wp-content\/uploads\/2020\/01\/Feniks-1-430x430.png 430w, https:\/\/chorzow.zhp.pl\/wp-content\/uploads\/2020\/01\/Feniks-1.png 1596w\" sizes=\"auto, (max-width: 1024px) 100vw, 1024px\" \/><\/figure><div class=\"wp-block-media-text__content\">\n<p><strong>132 Koedukacyjna Dru\u017cyna Harcerska &#8222;Feniks&#8221;<br>im. hm. Macieja Kudzi<\/strong><\/p>\n\n\n\n<p><span class=\"wp-svg-user-3 user-3\"><\/span>\u00a0 <strong>Dru\u017cynowa:<\/strong> dh. Oliwia BOEHM<br \/><span class=\"wp-svg-calendar calendar\"><\/span>\u00a0 <strong>Dzie\u0144 i godzina zbi\u00f3rek:<\/strong> \u015broda 17:00 &#8211; 18:30<br \/><span class=\"wp-svg-location location\"><\/span>\u00a0 <strong>Miejsce zbi\u00f3rek:<\/strong> SP nr 32 w Chorzowie, ul. Kaliny 61 &#8211; uczestnicy 10-13 lat\u00a0<br \/><span class=\"wp-svg-facebook-2 facebook-2\"><\/span> <a href=\"https:\/\/www.facebook.com\/fenikschorzow\">FACEBOOK<\/a><\/p>\n<\/div><\/div>\n\n\n\n<p><\/p>\n\n\n\n<div class=\"wp-block-media-text alignwide\" style=\"grid-template-columns:25% auto\"><figure class=\"wp-block-media-text__media\"><img loading=\"lazy\" decoding=\"async\" width=\"400\" height=\"400\" src=\"https:\/\/chorzow.zhp.pl\/wp-content\/uploads\/2020\/01\/137.png\" alt=\"\" class=\"wp-image-1996 size-full\" srcset=\"https:\/\/chorzow.zhp.pl\/wp-content\/uploads\/2020\/01\/137.png 400w, https:\/\/chorzow.zhp.pl\/wp-content\/uploads\/2020\/01\/137-300x300.png 300w, https:\/\/chorzow.zhp.pl\/wp-content\/uploads\/2020\/01\/137-150x150.png 150w, https:\/\/chorzow.zhp.pl\/wp-content\/uploads\/2020\/01\/137-250x250.png 250w, https:\/\/chorzow.zhp.pl\/wp-content\/uploads\/2020\/01\/137-125x125.png 125w, https:\/\/chorzow.zhp.pl\/wp-content\/uploads\/2020\/01\/137-110x110.png 110w\" sizes=\"auto, (max-width: 400px) 100vw, 400px\" \/><\/figure><div class=\"wp-block-media-text__content\">\n<p><strong>137 Koedukacyjna Dru\u017cyna Harcerska &#8222;Watra&#8221;<br>im. Obro\u0144c\u00f3w Wie\u017cy Spadochronowej<\/strong><\/p>\n\n\n\n<p><span class=\"wp-svg-user-3 user-3\"><\/span>\u00a0 <strong>Dru\u017cynowa:<\/strong> pwd. Weronika WILCZY\u0143SKA<br \/><span class=\"wp-svg-calendar calendar\"><\/span>\u00a0 <strong>Dzie\u0144 i godzina zbi\u00f3rek:<\/strong> \u015broda 17:00 &#8211; 18:30<br \/><span class=\"wp-svg-location location\"><\/span>\u00a0 <strong>Miejsce zbi\u00f3rek:<\/strong> SP nr 2 w Chorzowie, ul. Sportowa 4 &#8211; uczestnicy 10-13 lat<br \/><span class=\"wp-svg-facebook-2 facebook-2\"><\/span>\u00a0 <a href=\"https:\/\/www.facebook.com\/137watra\/\">FACEBOOK<\/a><\/p>\n<\/div><\/div>\n","protected":false},"excerpt":{"rendered":"<p>\u00a0 Namiestnictwo Harcerskie &#8222;Gwarki&#8221;\u00a0 Namiestniczka: phm. Katarzyna PIETRASZEK\u00a0 katarzyna.pietraszek@zhp.net.pl\u00a0 STRONA NAMIESTNICTWA Jednostki: 3 Koedukacyjna Dru\u017cyna Harcerska &#8222;Czarci Jar&#8221; \u00a0 Dru\u017cynowa:<\/p>\n","protected":false},"author":1,"featured_media":0,"parent":0,"menu_order":0,"comment_status":"closed","ping_status":"closed","template":"","meta":{"footnotes":""},"class_list":["post-48","page","type-page","status-publish","hentry"],"_links":{"self":[{"href":"https:\/\/chorzow.zhp.pl\/index.php?rest_route=\/wp\/v2\/pages\/48","targetHints":{"allow":["GET"]}}],"collection":[{"href":"https:\/\/chorzow.zhp.pl\/index.php?rest_route=\/wp\/v2\/pages"}],"about":[{"href":"https:\/\/chorzow.zhp.pl\/index.php?rest_route=\/wp\/v2\/types\/page"}],"author":[{"embeddable":true,"href":"https:\/\/chorzow.zhp.pl\/index.php?rest_route=\/wp\/v2\/users\/1"}],"replies":[{"embeddable":true,"href":"https:\/\/chorzow.zhp.pl\/index.php?rest_route=%2Fwp%2Fv2%2Fcomments&post=48"}],"version-history":[{"count":94,"href":"https:\/\/chorzow.zhp.pl\/index.php?rest_route=\/wp\/v2\/pages\/48\/revisions"}],"predecessor-version":[{"id":3326,"href":"https:\/\/chorzow.zhp.pl\/index.php?rest_route=\/wp\/v2\/pages\/48\/revisions\/3326"}],"wp:attachment":[{"href":"https:\/\/chorzow.zhp.pl\/index.php?rest_route=%2Fwp%2Fv2%2Fmedia&parent=48"}],"curies":[{"name":"wp","href":"https:\/\/api.w.org\/{rel}","templated":true}]}}