{"id":55,"date":"2015-11-06T11:03:52","date_gmt":"2015-11-06T10:03:52","guid":{"rendered":"http:\/\/chorzow.zhp.pl\/?page_id=55"},"modified":"2024-08-13T11:45:37","modified_gmt":"2024-08-13T09:45:37","slug":"hufcowa-komisja-stopni-instruktorskich","status":"publish","type":"page","link":"https:\/\/chorzow.zhp.pl\/?page_id=55","title":{"rendered":"Komisja Stopni Instruktorskich"},"content":{"rendered":"\n<figure class=\"wp-block-image size-large\"><a href=\"https:\/\/chorzow.zhp.pl\/wp-content\/uploads\/2024\/05\/2024-5-1.png\"><img loading=\"lazy\" decoding=\"async\" width=\"1024\" height=\"315\" src=\"https:\/\/chorzow.zhp.pl\/wp-content\/uploads\/2024\/05\/2024-5-1-1024x315.png\" alt=\"\" class=\"wp-image-3104\" srcset=\"https:\/\/chorzow.zhp.pl\/wp-content\/uploads\/2024\/05\/2024-5-1-1024x315.png 1024w, https:\/\/chorzow.zhp.pl\/wp-content\/uploads\/2024\/05\/2024-5-1-300x92.png 300w, https:\/\/chorzow.zhp.pl\/wp-content\/uploads\/2024\/05\/2024-5-1-768x236.png 768w, https:\/\/chorzow.zhp.pl\/wp-content\/uploads\/2024\/05\/2024-5-1-1536x473.png 1536w, https:\/\/chorzow.zhp.pl\/wp-content\/uploads\/2024\/05\/2024-5-1-2048x630.png 2048w\" sizes=\"auto, (max-width: 1024px) 100vw, 1024px\" \/><\/a><\/figure>\n\n\n<h5><strong>Sk\u0142ad Komisji<\/strong><\/h5>\n<p style=\"padding-left: 40px;\"><span class=\"wp-svg-user-3 user-3\"><\/span> \u00a0hm. Ewa FIDO &#8211; Przewodnicz\u0105ca<br \/><span class=\"wp-svg-user-3 user-3\"><\/span>\u00a0 hm. Bart\u0142omiej KOLISKO &#8211; Wiceprzewodnicz\u0105cy<br \/><span class=\"wp-svg-user-3 user-3\"><\/span>\u00a0 hm. Rafa\u0142 BARTOSZEK<br \/><span class=\"wp-svg-user-3 user-3\"><\/span>\u00a0 phm. Sebastian RESPONDEK<br \/><span class=\"wp-svg-user-3 user-3\"><\/span>\u00a0 phm. Magdalena SZWARCZEWSKA<\/p>\n<h5><strong>Terminy posiedze\u0144<\/strong><\/h5>\n<p>Posiedzenia komisji odbywaj\u0105 si\u0119 wed\u0142ug harmonogramu zamieszczonego na portalu <a href=\"https:\/\/tiny.pl\/dcdj7\">SharePoint<\/a> Hufca ZHP Chorz\u00f3w.<\/p>\n<h5><strong>Zasady udzia\u0142u w posiedzeniach KSI<\/strong><\/h5>\n<h6><strong>Otwarcie pr\u00f3by<\/strong><\/h6>\n<p>W celu otwarcia pr\u00f3by nale\u017cy:<\/p>\n<p style=\"padding-left: 40px;\"><span class=\"wp-svg-arrow-right-3 arrow-right-3\"><\/span>\u00a0 Przes\u0142a\u0107 na adres <strong>bartlomiej.kolisko@zhp.net.pl<\/strong> opracowany wsp\u00f3lnie z opiekunem program pr\u00f3by <strong>najp\u00f3\u017aniej na 7 dni przed<\/strong> planowanym posiedzeniem;<br \/><span class=\"wp-svg-arrow-right-3 arrow-right-3\"><\/span>\u00a0 Stawi\u0107 si\u0119 razem z opiekunem na posiedzeniu KSI, z nast\u0119puj\u0105cymi dokumentami:<\/p>\n<p style=\"padding-left: 80px;\"><span class=\"wp-svg-file file\"><\/span>\u00a0 program pr\u00f3by (3 ezgemplarze)<br \/><span class=\"wp-svg-file file\"><\/span>\u00a0 wniosek o otwarcie pr\u00f3by<\/p>\n<h6><strong>Zamkni\u0119cie pr\u00f3by<\/strong><\/h6>\n<p>W celu zamkni\u0119cia pr\u00f3by nale\u017cy:<\/p>\n<p style=\"padding-left: 40px;\"><span class=\"wp-svg-arrow-right-3 arrow-right-3\"><\/span>\u00a0 Przes\u0142a\u0107 na adres <strong>bartlomiej.kolisko@zhp.net.pl<\/strong> informacj\u0119 o planowanym stawieniu si\u0119 na KSI w celu zamkni\u0119cia pr\u00f3by <strong>najp\u00f3\u017aniej na 7 dni przed <\/strong>planowanym posiedzeniem;<br \/><span class=\"wp-svg-arrow-right-3 arrow-right-3\"><\/span>\u00a0 Stawi\u0107 si\u0119 na posiedzenie KSI z nast\u0119puj\u0105c\u0105 dokumentami:<\/p>\n<p style=\"padding-left: 80px;\"><span class=\"wp-svg-file file\"><\/span>\u00a0 program pr\u00f3by z podpisami potwierdzaj\u0105cymi realizcj\u0119 zada\u0144;<br \/><span class=\"wp-svg-file file\"><\/span>\u00a0 dokumentacj\u0105 potwierdzaj\u0105c\u0105 realizacj\u0119 zada\u0144;<br \/><span class=\"wp-svg-file file\"><\/span>\u00a0 wniosek o zamkni\u0119cie pr\u00f3by;<br \/><span class=\"wp-svg-file file\"><\/span>\u00a0 raport z przebiegu pr\u00f3by;<br \/><span class=\"wp-svg-file file\"><\/span>\u00a0 opini\u0119 bezpo\u015bredniego ;prze\u0142o\u017conego;<br \/><span class=\"wp-svg-file file\"><\/span>\u00a0 opini\u0119 opiekuna pr\u00f3by<br \/><span class=\"wp-svg-file file\"><\/span>\u00a0 opini\u0119 Komendanta Hufca<\/p>\n<h6><strong>Zmiana punktu\/przed\u0142u\u017cenie pr\u00f3by<\/strong><\/h6>\n<p>W celu zmiany zadania\/przed\u0142u\u017cenia pr\u00f3by nale\u017cy:<\/p>\n<p style=\"padding-left: 40px;\"><span class=\"wp-svg-arrow-right-3 arrow-right-3\"><\/span>\u00a0 Przes\u0142a\u0107 na adres <strong>bartlomiej.kolisko@zhp.net.pl<\/strong> informacj\u0119 o planowanym stawieniu si\u0119 na posiedzenie KSI oraz propnowan\u0105 zmian\u0119 zadania\/termin przed\u0142u\u017cenia pr\u00f3by <strong>najp\u00f3\u017aniej na 7 dni przed <\/strong>planowanym posiedzeniem;<br \/><span class=\"wp-svg-arrow-right-3 arrow-right-3\"><\/span>\u00a0 Stawi\u0107 si\u0119 na posiedzenie KSI z opiekunem pr\u00f3by oraz nast\u0119puj\u0105cymi dokumentami:<\/p>\n<p style=\"padding-left: 80px;\"><span class=\"wp-svg-file file\"><\/span>\u00a0 wnioskiem o zmian\u0119 zadania\/przed\u0142u\u017cenia terminu zawieraj\u0105cym akceptacj\u0119 opiekuna pr\u00f3by;<br \/><span class=\"wp-svg-file file\"><\/span>\u00a0 raportem z przebiegu pr\u00f3by (wyj\u0105tkiem jest pierwsza zmiana zadania)<\/p>\n<h5><strong>Do pobrania<\/strong><\/h5>\n<p>\u00a0<\/p>\n<p style=\"padding-left: 40px;\"><span class=\"wp-svg-box-add box-add\"><\/span>\u00a0 <a href=\"https:\/\/drive.google.com\/file\/d\/1A9n0QhkS7OeQDXjnABx3V83t2T4eoqOJ\/view?usp=sharing\">Regulamin pracy KSI<\/a><br \/><span class=\"wp-svg-box-add box-add\"><\/span>\u00a0 <a href=\"https:\/\/chorzow.zhp.pl\/wp-content\/uploads\/2020\/01\/Uchwaa-nr-43-38_RN_System_Stopni_Instruktorskich_przyjeta_n-3.doc\">System Stopni Instruktorskich<\/a><br \/><span class=\"wp-svg-box-add box-add\"><\/span>\u00a0 <a href=\"https:\/\/docs.google.com\/document\/d\/1hr0X0_GQnWY8GRLqLBFX7yNsSIiL85Q2\/edit?usp=sharing&amp;ouid=108248279901370987335&amp;rtpof=true&amp;sd=true\">Ksi\u0105\u017cki, kt\u00f3re warto przeczyta\u0107 podczas pr\u00f3by<\/a><br \/><br \/><span class=\"wp-svg-box-add box-add\"><\/span>\u00a0 <a href=\"https:\/\/docs.google.com\/document\/d\/1Zd5VmMri1Vv6jh-1jNtg5fmtizHrPbdg\/edit?usp=sharing&amp;ouid=108248279901370987335&amp;rtpof=true&amp;sd=true\">Karta pr\u00f3by na stopie\u0144 Przewodnika\/Przewodniczki<\/a><br \/><span class=\"wp-svg-box-add box-add\"><\/span>\u00a0 <a href=\"https:\/\/docs.google.com\/document\/d\/1e5dk5ce7P_XYuaUevHKINk0zcNDme_LI\/edit?usp=sharing&amp;ouid=108248279901370987335&amp;rtpof=true&amp;sd=true\">Karta pr\u00f3by na stopie\u0144 Podharcmistrza\/Podharcmistrzyni<\/a><br \/><span class=\"wp-svg-box-add box-add\"><\/span>\u00a0 <a href=\"https:\/\/docs.google.com\/document\/d\/1Jubu2Ole8AZ9MYUYcYn5M2KRwO0jGN5g\/edit?usp=sharing&amp;ouid=108248279901370987335&amp;rtpof=true&amp;sd=true\">Wniosek o otwarcie pr\u00f3by<\/a><br \/><span class=\"wp-svg-box-add box-add\"><\/span>\u00a0 <a href=\"https:\/\/docs.google.com\/document\/d\/1E30Sw8TIvyZrPAt_g6LGnNGIHQtxkEyl\/edit?usp=sharing&amp;ouid=108248279901370987335&amp;rtpof=true&amp;sd=true\">Raport z przebiegu pr\u00f3by PWD<\/a><br \/><span class=\"wp-svg-box-add box-add\"><\/span>\u00a0 <a href=\"https:\/\/docs.google.com\/document\/d\/1iIdYMMZ8ScfPs2LbaLH-y8OLJHROuqg2\/edit?usp=sharing&amp;ouid=108248279901370987335&amp;rtpof=true&amp;sd=true\">Raport z przebiegu pr\u00f3by PHM<\/a><br \/><span class=\"wp-svg-box-add box-add\"><\/span>\u00a0 <a href=\"https:\/\/docs.google.com\/document\/d\/1_Q6qcHNTOKEDUUyKwkH5HMiPfmbPqypV\/edit?usp=sharing&amp;ouid=108248279901370987335&amp;rtpof=true&amp;sd=true\">Wniosek o zamkni\u0119cie pr\u00f3by PWD<\/a><br \/><span class=\"wp-svg-box-add box-add\"><\/span>\u00a0 <a href=\"https:\/\/docs.google.com\/document\/d\/1BihTRC0oZhvM-kWJvIXvVmc2zMi8eNkp\/edit?usp=sharing&amp;ouid=108248279901370987335&amp;rtpof=true&amp;sd=true\">Wniosek o zamkni\u0119cie pr\u00f3by PHM<\/a><br \/><span class=\"wp-svg-box-add box-add\"><\/span> \u00a0<a href=\"https:\/\/docs.google.com\/document\/d\/1xiqOrrColUxtPxUBmYAbRHN7F-0dv0_F\/edit?usp=sharing&amp;ouid=108248279901370987335&amp;rtpof=true&amp;sd=true\">Wniosek o potwierdzenie stopnia instruktorskiego<\/a><br \/><br \/><\/p>","protected":false},"excerpt":{"rendered":"<p>Sk\u0142ad Komisji \u00a0hm. Ewa FIDO &#8211; Przewodnicz\u0105ca\u00a0 hm. Bart\u0142omiej KOLISKO &#8211; Wiceprzewodnicz\u0105cy\u00a0 hm. Rafa\u0142 BARTOSZEK\u00a0 phm. Sebastian RESPONDEK\u00a0 phm. Magdalena<\/p>\n","protected":false},"author":1,"featured_media":0,"parent":0,"menu_order":0,"comment_status":"closed","ping_status":"closed","template":"","meta":{"footnotes":""},"class_list":["post-55","page","type-page","status-publish","hentry"],"_links":{"self":[{"href":"https:\/\/chorzow.zhp.pl\/index.php?rest_route=\/wp\/v2\/pages\/55","targetHints":{"allow":["GET"]}}],"collection":[{"href":"https:\/\/chorzow.zhp.pl\/index.php?rest_route=\/wp\/v2\/pages"}],"about":[{"href":"https:\/\/chorzow.zhp.pl\/index.php?rest_route=\/wp\/v2\/types\/page"}],"author":[{"embeddable":true,"href":"https:\/\/chorzow.zhp.pl\/index.php?rest_route=\/wp\/v2\/users\/1"}],"replies":[{"embeddable":true,"href":"https:\/\/chorzow.zhp.pl\/index.php?rest_route=%2Fwp%2Fv2%2Fcomments&post=55"}],"version-history":[{"count":61,"href":"https:\/\/chorzow.zhp.pl\/index.php?rest_route=\/wp\/v2\/pages\/55\/revisions"}],"predecessor-version":[{"id":3114,"href":"https:\/\/chorzow.zhp.pl\/index.php?rest_route=\/wp\/v2\/pages\/55\/revisions\/3114"}],"wp:attachment":[{"href":"https:\/\/chorzow.zhp.pl\/index.php?rest_route=%2Fwp%2Fv2%2Fmedia&parent=55"}],"curies":[{"name":"wp","href":"https:\/\/api.w.org\/{rel}","templated":true}]}}