{"id":57,"date":"2015-11-06T11:04:11","date_gmt":"2015-11-06T10:04:11","guid":{"rendered":"http:\/\/chorzow.zhp.pl\/?page_id=57"},"modified":"2021-02-19T13:24:12","modified_gmt":"2021-02-19T12:24:12","slug":"kapitula-wedrownicza","status":"publish","type":"page","link":"https:\/\/chorzow.zhp.pl\/?page_id=57","title":{"rendered":"Kapitu\u0142a Stopni W\u0119drowniczych"},"content":{"rendered":"<div id=\"jsseunrwnoeo\" style=\"display: none;\">\n<div id=\"ocfipreoqyfb\" class=\"simple_mutex\" style=\"display: none;\">mutex\/ocfipreoqyfb\/mutex<\/div>\n<\/div>\n\n\n<div class=\"wp-block-image\"><figure class=\"aligncenter size-large is-resized\"><img loading=\"lazy\" decoding=\"async\" src=\"https:\/\/chorzow.zhp.pl\/wp-content\/uploads\/2020\/01\/KSW-logo.png\" alt=\"\" class=\"wp-image-2118\" width=\"460\" height=\"220\" srcset=\"https:\/\/chorzow.zhp.pl\/wp-content\/uploads\/2020\/01\/KSW-logo.png 1000w, https:\/\/chorzow.zhp.pl\/wp-content\/uploads\/2020\/01\/KSW-logo-300x144.png 300w, https:\/\/chorzow.zhp.pl\/wp-content\/uploads\/2020\/01\/KSW-logo-768x369.png 768w, https:\/\/chorzow.zhp.pl\/wp-content\/uploads\/2020\/01\/KSW-logo-110x53.png 110w, https:\/\/chorzow.zhp.pl\/wp-content\/uploads\/2020\/01\/KSW-logo-420x202.png 420w, https:\/\/chorzow.zhp.pl\/wp-content\/uploads\/2020\/01\/KSW-logo-770x370.png 770w\" sizes=\"auto, (max-width: 460px) 100vw, 460px\" \/><\/figure><\/div>\n\n\n<h5><strong>Sk\u0142ad Kapitu\u0142y<\/strong><\/h5>\n<p style=\"padding-left: 40px;\"><span class=\"wp-svg-user-3 user-3\"><\/span> \u00a0hm. Bart\u0142omiej KOLISKO &#8211; Przewodnicz\u0105cy<br \/><span class=\"wp-svg-user-3 user-3\"><\/span>\u00a0 phm. S\u0142awomir SZYKOWSKI<br \/><span class=\"wp-svg-user-3 user-3\"><\/span>\u00a0 HR. Patryk GIERA\u0141TWOSKI<br \/><span class=\"wp-svg-user-3 user-3\"><\/span>\u00a0 HR. Filip BALJON<\/p>\n<h5><strong>Terminy posiedze\u0144<\/strong><\/h5>\n<p>Posiedzenia kapitu\u0142y odbywaj\u0105 si\u0119 w wybrane przez jej sk\u0142ad czwartki. Terminy najbli\u017cszych posiedze\u0144 w 2020 roku:<\/p>\n<p style=\"padding-left: 40px;\"><span class=\"wp-svg-calendar calendar\"><\/span>\u00a0 23 lutego 2021 r.<\/p>\n<h5><strong>Do pobrania<\/strong><\/h5>\n<p><span class=\"wp-svg-box-add box-add\"><\/span>\u00a0 <a href=\"https:\/\/chorzow.zhp.pl\/wp-content\/uploads\/2021\/02\/Regulamin-Kapitu\u0142y-Stopni-W\u0119drowniczych.pdf\">Regulamin Kapitu\u0142y Stopni W\u0119drowniczych<\/a><\/p>","protected":false},"excerpt":{"rendered":"<p>mutex\/ocfipreoqyfb\/mutex Sk\u0142ad Kapitu\u0142y \u00a0hm. Bart\u0142omiej KOLISKO &#8211; Przewodnicz\u0105cy\u00a0 phm. S\u0142awomir SZYKOWSKI\u00a0 HR. Patryk GIERA\u0141TWOSKI\u00a0 HR. Filip BALJON Terminy posiedze\u0144 Posiedzenia<\/p>\n","protected":false},"author":1,"featured_media":0,"parent":0,"menu_order":0,"comment_status":"closed","ping_status":"closed","template":"","meta":{"footnotes":""},"class_list":["post-57","page","type-page","status-publish","hentry"],"_links":{"self":[{"href":"https:\/\/chorzow.zhp.pl\/index.php?rest_route=\/wp\/v2\/pages\/57","targetHints":{"allow":["GET"]}}],"collection":[{"href":"https:\/\/chorzow.zhp.pl\/index.php?rest_route=\/wp\/v2\/pages"}],"about":[{"href":"https:\/\/chorzow.zhp.pl\/index.php?rest_route=\/wp\/v2\/types\/page"}],"author":[{"embeddable":true,"href":"https:\/\/chorzow.zhp.pl\/index.php?rest_route=\/wp\/v2\/users\/1"}],"replies":[{"embeddable":true,"href":"https:\/\/chorzow.zhp.pl\/index.php?rest_route=%2Fwp%2Fv2%2Fcomments&post=57"}],"version-history":[{"count":25,"href":"https:\/\/chorzow.zhp.pl\/index.php?rest_route=\/wp\/v2\/pages\/57\/revisions"}],"predecessor-version":[{"id":2673,"href":"https:\/\/chorzow.zhp.pl\/index.php?rest_route=\/wp\/v2\/pages\/57\/revisions\/2673"}],"wp:attachment":[{"href":"https:\/\/chorzow.zhp.pl\/index.php?rest_route=%2Fwp%2Fv2%2Fmedia&parent=57"}],"curies":[{"name":"wp","href":"https:\/\/api.w.org\/{rel}","templated":true}]}}