{"id":61,"date":"2015-11-06T11:05:56","date_gmt":"2015-11-06T10:05:56","guid":{"rendered":"http:\/\/chorzow.zhp.pl\/?page_id=61"},"modified":"2026-04-07T17:58:55","modified_gmt":"2026-04-07T15:58:55","slug":"komenda-hufca","status":"publish","type":"page","link":"https:\/\/chorzow.zhp.pl\/?page_id=61","title":{"rendered":"W\u0142adze Hufca"},"content":{"rendered":"\n<h5 class=\"wp-block-heading has-text-align-center\"><strong>KOMENDA HUFCA<\/strong><\/h5>\n\n\n\n<figure class=\"wp-block-image size-large\"><img decoding=\"async\" src=\"blob:https:\/\/chorzow.zhp.pl\/29f13f60-7315-497e-ba0c-5692fdd089a7\" alt=\"\"\/><\/figure>\n\n\n\n<div class=\"wp-block-media-text alignwide\" style=\"grid-template-columns:22% auto\"><figure class=\"wp-block-media-text__media\"><img loading=\"lazy\" decoding=\"async\" width=\"572\" height=\"905\" src=\"https:\/\/chorzow.zhp.pl\/wp-content\/uploads\/2025\/11\/1.png\" alt=\"\" class=\"wp-image-3293 size-full\" srcset=\"https:\/\/chorzow.zhp.pl\/wp-content\/uploads\/2025\/11\/1.png 572w, https:\/\/chorzow.zhp.pl\/wp-content\/uploads\/2025\/11\/1-190x300.png 190w\" sizes=\"auto, (max-width: 572px) 100vw, 572px\" \/><\/figure><div class=\"wp-block-media-text__content\">\n<h6 class=\"wp-block-heading\">phm. Weronika Walenciak<\/h6>\n\n\n\n<p><span class=\"wp-svg-user-3 user-3\"><\/span>\u00a0 <strong>Komendantka Hufca<\/strong><br \/><span class=\"wp-svg-phone phone\"><\/span>\u00a0 +48 <span class=\"a_GcMg font-feature-liga-off font-feature-clig-off font-feature-calt-off text-decoration-none text-strikethrough-none\">533 106 264<\/span> \/\/ <span class=\"a_GcMg font-feature-liga-off font-feature-clig-off font-feature-calt-off text-decoration-none text-strikethrough-none\">(32) 241 08 27<\/span><br \/><span class=\"wp-svg-envelop envelop\"><\/span> komendant@chorzow.zhp.pl<br \/><span class=\"wp-svg-clock-2 clock-2\"><\/span>\u00a0 <strong>Dy\u017cury:<\/strong><br \/>\u00a0 \u00a0 &#8211; wtorek &#8211; 17:00 &#8211; 19:00<br \/>\u00a0\u00a0\u00a0 &#8211; \u015broda &#8211; 17:00 &#8211; 19:00<\/p>\n\n\n\n<p><\/p>\n<\/div><\/div>\n\n\n\n<p><\/p>\n\n\n\n<div class=\"wp-block-media-text alignwide\" style=\"grid-template-columns:20% auto\"><figure class=\"wp-block-media-text__media\"><img loading=\"lazy\" decoding=\"async\" width=\"572\" height=\"905\" src=\"https:\/\/chorzow.zhp.pl\/wp-content\/uploads\/2025\/11\/6.png\" alt=\"\" class=\"wp-image-3299 size-full\" srcset=\"https:\/\/chorzow.zhp.pl\/wp-content\/uploads\/2025\/11\/6.png 572w, https:\/\/chorzow.zhp.pl\/wp-content\/uploads\/2025\/11\/6-190x300.png 190w\" sizes=\"auto, (max-width: 572px) 100vw, 572px\" \/><\/figure><div class=\"wp-block-media-text__content\">\n<h6 class=\"wp-block-heading\">hm. Adrian Przyczyna<\/h6>\n\n\n\n<p><span class=\"wp-svg-user-3 user-3\"><\/span>\u00a0 <strong>Zast\u0119pca Komendantki ds. programowo-metodycznych<\/strong><br \/><span class=\"wp-svg-phone phone\"><\/span>\u00a0 +48 794 637 865<br \/><span class=\"wp-svg-envelop envelop\"><\/span>\u00a0 adrian.przyczyna@slaska.zhp.pl<br \/><span class=\"wp-svg-clock-2 clock-2\"><\/span>\u00a0 <strong>Dy\u017cury:<\/strong><br \/>\u00a0 \u00a0 &#8211; wtorek &#8211; 17:00 &#8211; 19:00 \/\/ 18:00 &#8211; 20:00<\/p>\n<\/div><\/div>\n\n\n\n<div class=\"wp-block-media-text alignwide\" style=\"grid-template-columns:20% auto\"><figure class=\"wp-block-media-text__media\"><img loading=\"lazy\" decoding=\"async\" width=\"352\" height=\"557\" src=\"https:\/\/chorzow.zhp.pl\/wp-content\/uploads\/2023\/11\/6-1.png\" alt=\"\" class=\"wp-image-2910 size-full\" srcset=\"https:\/\/chorzow.zhp.pl\/wp-content\/uploads\/2023\/11\/6-1.png 352w, https:\/\/chorzow.zhp.pl\/wp-content\/uploads\/2023\/11\/6-1-190x300.png 190w\" sizes=\"auto, (max-width: 352px) 100vw, 352px\" \/><\/figure><div class=\"wp-block-media-text__content\">\n<h6 class=\"wp-block-heading\">hm. Marta Szafraniec<\/h6>\n\n\n\n<p><span class=\"wp-svg-user-3 user-3\"><\/span>\u00a0 <strong>Skarbniczka Hufca<\/strong><br \/><span class=\"wp-svg-phone phone\"><\/span>\u00a0 +48 508 893 833<br \/><span class=\"wp-svg-envelop envelop\"><\/span> skarbnik@chorzow.zhp.pl<br \/><span class=\"wp-svg-clock-2 clock-2\"><\/span>\u00a0 <strong>Dy\u017cury:<\/strong><br \/>\u00a0 \u00a0 &#8211; wtorek &#8211; 16:00 &#8211; 19:00<\/p>\n<\/div><\/div>\n\n\n\n<div class=\"wp-block-media-text alignwide\" style=\"grid-template-columns:20% auto\"><figure class=\"wp-block-media-text__media\"><img loading=\"lazy\" decoding=\"async\" width=\"572\" height=\"905\" src=\"https:\/\/chorzow.zhp.pl\/wp-content\/uploads\/2025\/11\/3.png\" alt=\"\" class=\"wp-image-3296 size-full\" srcset=\"https:\/\/chorzow.zhp.pl\/wp-content\/uploads\/2025\/11\/3.png 572w, https:\/\/chorzow.zhp.pl\/wp-content\/uploads\/2025\/11\/3-190x300.png 190w\" sizes=\"auto, (max-width: 572px) 100vw, 572px\" \/><\/figure><div class=\"wp-block-media-text__content\">\n<h6 class=\"wp-block-heading\">phm. Karol Gajdzik<\/h6>\n\n\n\n<p><span class=\"wp-svg-user-3 user-3\"><\/span>\u00a0 <strong>Szef Biura Hufca<br \/><\/strong><span class=\"wp-svg-phone phone\"><\/span>\u00a0 <span class=\"a_GcMg font-feature-liga-off font-feature-clig-off font-feature-calt-off text-decoration-none text-strikethrough-none\">570 587 695 \/\/ (32) 241 08 27<\/span><br \/><span class=\"wp-svg-envelop envelop\"><\/span>\u00a0 karol.gajdzik@zhp.net.pl<br \/><span class=\"wp-svg-clock-2 clock-2\"><\/span>\u00a0 <strong>Dy\u017cury:<\/strong><br \/>\u00a0 &#8211; \u015broda &#8211; 17:00 &#8211; 19:00<br \/>\u00a0 &#8211; czwartek &#8211; 14:00 &#8211; 19:00<\/p>\n<\/div><\/div>\n\n\n\n<div class=\"wp-block-media-text alignwide\" style=\"grid-template-columns:20% auto\"><figure class=\"wp-block-media-text__media\"><img loading=\"lazy\" decoding=\"async\" width=\"572\" height=\"905\" src=\"https:\/\/chorzow.zhp.pl\/wp-content\/uploads\/2025\/11\/2.png\" alt=\"\" class=\"wp-image-3298 size-full\" srcset=\"https:\/\/chorzow.zhp.pl\/wp-content\/uploads\/2025\/11\/2.png 572w, https:\/\/chorzow.zhp.pl\/wp-content\/uploads\/2025\/11\/2-190x300.png 190w\" sizes=\"auto, (max-width: 572px) 100vw, 572px\" \/><\/figure><div class=\"wp-block-media-text__content\">\n<h6 class=\"wp-block-heading\">phm. Karolina Trychta<\/h6>\n\n\n\n<p><span class=\"wp-svg-user-3 user-3\"><\/span>\u00a0 <strong>Cz\u0142onkini Komendy ds. kszta\u0142cenia i programu<\/strong><br \/><span class=\"wp-svg-phone phone\"><\/span>\u00a0 +48 <span class=\"a_GcMg font-feature-liga-off font-feature-clig-off font-feature-calt-off text-decoration-none text-strikethrough-none\">721 972 144<\/span><br \/><span class=\"wp-svg-envelop envelop\"><\/span>\u00a0 karolina.trychta@zhp.net.pl<\/p>\n<\/div><\/div>\n\n\n\n<div class=\"wp-block-media-text alignwide\" style=\"grid-template-columns:20% auto\"><figure class=\"wp-block-media-text__media\"><img loading=\"lazy\" decoding=\"async\" width=\"572\" height=\"905\" src=\"https:\/\/chorzow.zhp.pl\/wp-content\/uploads\/2025\/11\/7.png\" alt=\"\" class=\"wp-image-3300 size-full\" srcset=\"https:\/\/chorzow.zhp.pl\/wp-content\/uploads\/2025\/11\/7.png 572w, https:\/\/chorzow.zhp.pl\/wp-content\/uploads\/2025\/11\/7-190x300.png 190w\" sizes=\"auto, (max-width: 572px) 100vw, 572px\" \/><\/figure><div class=\"wp-block-media-text__content\">\n<h6 class=\"wp-block-heading\">HR Patryk Giera\u0142towski<\/h6>\n\n\n\n<p><span class=\"wp-svg-user-3 user-3\"><\/span>\u00a0 <strong>Kwatermistrz Hufca<\/strong><br \/><span class=\"wp-svg-phone phone\"><\/span>\u00a0 +48 <span class=\"a_GcMg font-feature-liga-off font-feature-clig-off font-feature-calt-off text-decoration-none text-strikethrough-none\">663 752 330<\/span><br \/><span class=\"wp-svg-envelop envelop\"><\/span>\u00a0 patryk.gieraltowski@zhp.net.pl<\/p>\n<\/div><\/div>\n\n\n\n<p><\/p>\n\n\n\n<h5 class=\"wp-block-heading has-text-align-center\"><strong>KOMISJA REWIZYJNA HUFCA<\/strong><\/h5>\n\n\n\n<div class=\"wp-block-media-text alignfull is-vertically-aligned-center\" style=\"grid-template-columns:30% auto\"><figure class=\"wp-block-media-text__media\"><img loading=\"lazy\" decoding=\"async\" width=\"1024\" height=\"683\" src=\"https:\/\/chorzow.zhp.pl\/wp-content\/uploads\/2025\/11\/KOMISJA-REWIZYJNA-HUFCA-ZHP-CHORZOW-1024x683.png\" alt=\"\" class=\"wp-image-3301 size-full\" srcset=\"https:\/\/chorzow.zhp.pl\/wp-content\/uploads\/2025\/11\/KOMISJA-REWIZYJNA-HUFCA-ZHP-CHORZOW-1024x683.png 1024w, https:\/\/chorzow.zhp.pl\/wp-content\/uploads\/2025\/11\/KOMISJA-REWIZYJNA-HUFCA-ZHP-CHORZOW-300x200.png 300w, https:\/\/chorzow.zhp.pl\/wp-content\/uploads\/2025\/11\/KOMISJA-REWIZYJNA-HUFCA-ZHP-CHORZOW-768x512.png 768w, https:\/\/chorzow.zhp.pl\/wp-content\/uploads\/2025\/11\/KOMISJA-REWIZYJNA-HUFCA-ZHP-CHORZOW-1536x1024.png 1536w, https:\/\/chorzow.zhp.pl\/wp-content\/uploads\/2025\/11\/KOMISJA-REWIZYJNA-HUFCA-ZHP-CHORZOW.png 2048w\" sizes=\"auto, (max-width: 1024px) 100vw, 1024px\" \/><\/figure><div class=\"wp-block-media-text__content\">\n<p style=\"text-align: left; padding-left: 80px;\"><span class=\"wp-svg-user-3 user-3\"><\/span>\u00a0 hm. Anna Sob\u00f3tka-Samora\u0144ska &#8211; przewodnicz\u0105ca<br \/><span class=\"wp-svg-user-3 user-3\"><\/span>\u00a0 hm. Bart\u0142omiej Kolisko &#8211; wiceprzewodnicz\u0105cy<br \/><span class=\"wp-svg-user-3 user-3\"><\/span>\u00a0 pwd. Anna Kardasz &#8211; druhna sekretarz\u00a0<br \/><span class=\"wp-svg-user-3 user-3\"><\/span>\u00a0 phm. Filip Baljon<\/p>\n\n\n\n<p><\/p>\n<\/div><\/div>\n\n\n\n<p><\/p>\n","protected":false},"excerpt":{"rendered":"<p>KOMENDA HUFCA phm. Weronika Walenciak \u00a0 Komendantka Hufca\u00a0 +48 533 106 264 \/\/ (32) 241 08 27 komendant@chorzow.zhp.pl\u00a0 Dy\u017cury:\u00a0 \u00a0<\/p>\n","protected":false},"author":1,"featured_media":0,"parent":0,"menu_order":0,"comment_status":"closed","ping_status":"closed","template":"","meta":{"footnotes":""},"class_list":["post-61","page","type-page","status-publish","hentry"],"_links":{"self":[{"href":"https:\/\/chorzow.zhp.pl\/index.php?rest_route=\/wp\/v2\/pages\/61","targetHints":{"allow":["GET"]}}],"collection":[{"href":"https:\/\/chorzow.zhp.pl\/index.php?rest_route=\/wp\/v2\/pages"}],"about":[{"href":"https:\/\/chorzow.zhp.pl\/index.php?rest_route=\/wp\/v2\/types\/page"}],"author":[{"embeddable":true,"href":"https:\/\/chorzow.zhp.pl\/index.php?rest_route=\/wp\/v2\/users\/1"}],"replies":[{"embeddable":true,"href":"https:\/\/chorzow.zhp.pl\/index.php?rest_route=%2Fwp%2Fv2%2Fcomments&post=61"}],"version-history":[{"count":88,"href":"https:\/\/chorzow.zhp.pl\/index.php?rest_route=\/wp\/v2\/pages\/61\/revisions"}],"predecessor-version":[{"id":3363,"href":"https:\/\/chorzow.zhp.pl\/index.php?rest_route=\/wp\/v2\/pages\/61\/revisions\/3363"}],"wp:attachment":[{"href":"https:\/\/chorzow.zhp.pl\/index.php?rest_route=%2Fwp%2Fv2%2Fmedia&parent=61"}],"curies":[{"name":"wp","href":"https:\/\/api.w.org\/{rel}","templated":true}]}}